{"id":658,"date":"2018-04-24T19:29:25","date_gmt":"2018-04-24T19:29:25","guid":{"rendered":"http:\/\/www.apartamentosplaza.com\/web\/?page_id=658"},"modified":"2018-04-24T19:42:55","modified_gmt":"2018-04-24T19:42:55","slug":"aviso-legal","status":"publish","type":"page","link":"https:\/\/apartamentosplaza.com\/web\/index.php\/aviso-legal\/","title":{"rendered":"AVISO LEGAL"},"content":{"rendered":"<p>[et_pb_section fb_built=&#8221;1&#8243; _builder_version=&#8221;3.0.47&#8243;][et_pb_row _builder_version=&#8221;3.0.47&#8243; background_size=&#8221;initial&#8221; background_position=&#8221;top_left&#8221; background_repeat=&#8221;repeat&#8221;][et_pb_column type=&#8221;4_4&#8243; _builder_version=&#8221;3.0.47&#8243; parallax=&#8221;off&#8221; parallax_method=&#8221;on&#8221;][et_pb_post_title meta=&#8221;off&#8221; featured_image=&#8221;off&#8221; _builder_version=&#8221;3.0.100&#8243; title_font=&#8221;||||||||&#8221; title_font_size=&#8221;50px&#8221; text_orientation=&#8221;center&#8221;][\/et_pb_post_title][et_pb_text _builder_version=&#8221;3.0.100&#8243;]<\/p>\n<div class=\"fusion-title title fusion-title-center fusion-title-size-one\">\n<h1 class=\"title-heading-center\" data-fontsize=\"34\" data-lineheight=\"47\"><\/h1>\n<div class=\"title-sep-container title-sep-container-right\">\n<div class=\"title-sep sep-double\"><\/div>\n<\/div>\n<\/div>\n<p><span>En cumplimiento de la Ley 34\/2002, de 11 de julio, de Servicios de la Sociedad de la Informaci\u00f3n y de Comercio Electr\u00f3nico (LSSI-CE), APARTAMENTOS PLAZA informa que es titular del sitio web www.apartamentosplaza.com. De acuerdo con la exigencia del art\u00edculo 10 de la citada Ley, APARTAMENTOS PLAZA informa de los siguientes datos:<\/span><\/p>\n<p><span>El titular de este sitio web es APARTAMENTOS PLAZA, con CIF 31024874J y domicilio social en PLAZA DEL POTRO, 15 14002 C\u00d3RDOBA. La direcci\u00f3n de correo electr\u00f3nico de contacto con la empresa es: info@transferprivadoscordoba.es.<\/span><\/p>\n<p><strong><span>USUARIO Y R\u00c9GIMEN DE RESPONSABILIDADES<\/span><\/strong><\/p>\n<p><span>La navegaci\u00f3n, acceso y uso por el sitio web de APARTAMENTOS PLAZA. confiere la condici\u00f3n de usuario, por la que se aceptan, desde la navegaci\u00f3n por el sitio web de APARTAMENTOS PLAZA,\u00a0todas las condiciones de uso aqu\u00ed establecidas sin perjuicio de la aplicaci\u00f3n de la correspondiente normativa de obligado cumplimiento legal seg\u00fan el caso.<\/span><\/p>\n<p><span>El sitio web de APARTAMENTOS PLAZA,\u00a0proporciona gran diversidad de informaci\u00f3n, servicios y datos. El usuario asume su responsabilidad en el uso correcto del sitio web. Esta responsabilidad se extender\u00e1 a:<\/span><\/p>\n<p><span>*El uso de la informaci\u00f3n, servicios y datos ofrecidos por APARTAMENTOS PLAZA,\u00a0contrariamente a lo dispuesto por las presentes condiciones, la Ley, la moral, las buenas costumbres o el orden p\u00fablico, o que de cualquier otro modo puedan suponer lesi\u00f3n de los derechos de terceros o del mismo funcionamiento del sitio web.<\/span><\/p>\n<p><strong><span>POL\u00cdTICA DE ENLACES Y EXENCIONES DE RESPONSABILIDAD<\/span><\/strong><\/p>\n<p><span>APARTAMENTOS PLAZA. no se hace responsable del contenido de los sitios web a los que el usuario pueda acceder a trav\u00e9s de los enlaces establecidos en su sitio web y declara que en ning\u00fan caso proceder\u00e1 a examinar o ejercitar ning\u00fan tipo de control sobre el contenido de otros sitios de la red. Asimismo, tampoco garantizar\u00e1 la disponibilidad t\u00e9cnica, exactitud, veracidad, validez o legalidad de sitios ajenos a su propiedad a los que se pueda acceder por medio de los enlaces.<\/span><\/p>\n<p><span>APARTAMENTOS PLAZA declara haber adoptado todas las medidas necesarias para evitar cualquier da\u00f1o a los usuarios de su sitio web, que pudieran derivarse de la navegaci\u00f3n por su sitio web. En consecuencia, APARTAMENTOS PLAZA no se hace responsable, en ning\u00fan caso, de los eventuales da\u00f1os que por la navegaci\u00f3n por Internet pudiera sufrir el usuario.<\/span><\/p>\n<p><strong><span>MODIFICACIONES<\/span><\/strong><\/p>\n<p><span>APARTAMENTOS PLAZA se reserva el derecho a realizar las modificaciones que considere oportunas, sin aviso previo, en el contenido de su sitio web. Tanto en lo referente a los contenidos del sitio web, como en las condiciones de uso del mismo. Dichas modificaciones podr\u00e1n realizarse a trav\u00e9s de su sitio web por cualquier forma admisible en derecho y ser\u00e1n de obligado cumplimiento durante el tiempo en que se encuentren publicadas en la web y hasta que no sean modificadas v\u00e1lidamente por otras posteriores.<\/span><\/p>\n<p><strong><span>PROTECCI\u00d3N DE DATOS<\/span><\/strong><\/p>\n<p><span>De conformidad con lo que establece la Ley Org\u00e1nica 15\/1999 de Protecci\u00f3n de Datos de Car\u00e1cter Personal (LOPD), APARTAMENTOS PLAZA informa a los usuarios de su sitio web que los datos personales recabados por la empresa, mediante los formularios sitos en sus p\u00e1ginas, ser\u00e1n introducidos en un fichero automatizado bajo la responsabilidad de APARTAMENTOS PLAZA con la finalidad de poder facilitar, agilizar y cumplir los compromisos establecidos entre ambas partes.<\/span><\/p>\n<p><span>Asimismo, APARTAMENTOS PLAZA informa de la posibilidad de ejercer los derechos de acceso, rectificaci\u00f3n, cancelaci\u00f3n y oposici\u00f3n mediante un escrito a la direcci\u00f3n: PLAZA DEL POTRO, 15 14002 C\u00d3RDOBA.<\/span><\/p>\n<p><span>Mientras el usuario no comunique lo contrario a APARTAMENTOS PLAZA, \u00e9sta entender\u00e1 que sus datos no han sido modificados, que el usuario se compromete a notificar a APARTAMENTOS PLAZA cualquier variaci\u00f3n y que APARTAMENTOS PLAZA tiene el consentimiento para utilizarlos a fin de poder fidelizar la relaci\u00f3n entre las partes.<\/span><\/p>\n<p><strong><span>PROPIEDAD INTELECTUAL E INDUSTRIAL<\/span><\/strong><\/p>\n<p><span>APARTAMENTOS PLAZA por s\u00ed misma o como cesionaria, es titular de todos los derechos de propiedad intelectual e industrial de su p\u00e1gina web, as\u00ed como de los elementos contenidos en la misma (a t\u00edtulo enunciativo, im\u00e1genes, sonido, audio, v\u00eddeo, software o textos; marcas o logotipos, combinaciones de colores, estructura y dise\u00f1o, selecci\u00f3n de materiales usados, programas de ordenador necesarios para su funcionamiento, acceso y uso, etc.), titularidad de APARTAMENTOS PLAZA. Ser\u00e1n, por consiguiente, obras protegidas como propiedad intelectual por el ordenamiento jur\u00eddico espa\u00f1ol, si\u00e9ndoles aplicables tanto la normativa espa\u00f1ola y comunitaria en este campo, como los tratados internacionales relativos a la materia y suscritos por Espa\u00f1a.<\/span><\/p>\n<p><span>Todos los derechos reservados. En virtud de lo dispuesto en los art\u00edculos 8 y 32.1, p\u00e1rrafo segundo, de la Ley de Propiedad Intelectual, quedan expresamente prohibidas la reproducci\u00f3n, la distribuci\u00f3n y la comunicaci\u00f3n p\u00fablica, incluida su modalidad de puesta a disposici\u00f3n, de la totalidad o parte de los contenidos de esta p\u00e1gina web, con fines comerciales, en cualquier soporte y por cualquier medio t\u00e9cnico, sin la autorizaci\u00f3n de APARTAMENTOS PLAZA.<\/span><\/p>\n<p><span>El usuario se compromete a respetar los derechos de Propiedad Intelectual e Industrial titularidad de APARTAMENTOS PLAZA. Podr\u00e1 visualizar los elementos del portal e incluso imprimirlos, copiarlos y almacenarlos en el disco duro de su ordenador o en cualquier otro soporte f\u00edsico siempre y cuando sea, \u00fanica y exclusivamente, para su uso personal y privado. El usuario deber\u00e1 abstenerse de suprimir, alterar, eludir o manipular cualquier dispositivo de protecci\u00f3n o sistema de seguridad que estuviera instalado en las p\u00e1ginas de APARTAMENTOS PLAZA.<\/span><\/p>\n<p><strong><span>ACCIONES LEGALES, LEGISLACI\u00d3N APLICABLE Y JURISDICCI\u00d3N<\/span><\/strong><\/p>\n<p><span>APARTAMENTOS PLAZA se reserva, asimismo, la facultad de presentar las acciones civiles o penales que considere oportunas por la utilizaci\u00f3n indebida de su sitio web y contenidos, o por el incumplimiento de las presentes condiciones.<\/span><\/p>\n<p><span>La relaci\u00f3n entre el usuario y el prestador se regir\u00e1 por la normativa vigente y de aplicaci\u00f3n en el territorio espa\u00f1ol. De surgir cualquier controversia las partes podr\u00e1n someter sus conflictos a arbitraje o acudir a la jurisdicci\u00f3n ordinaria cumpliendo con las normas sobre jurisdicci\u00f3n y competencia al respecto. APARTAMENTOS PLAZA tiene su domicilio en C\u00f3rdoba, Espa\u00f1a.<\/span><\/p>\n<p>[\/et_pb_text][\/et_pb_column][\/et_pb_row][\/et_pb_section]<\/p>\n","protected":false},"excerpt":{"rendered":"<p>En cumplimiento de la Ley 34\/2002, de 11 de julio, de Servicios de la Sociedad de la Informaci\u00f3n y de Comercio Electr\u00f3nico (LSSI-CE), APARTAMENTOS PLAZA informa que es titular del sitio web www.apartamentosplaza.com. De acuerdo con la exigencia del art\u00edculo 10 de la citada Ley, APARTAMENTOS PLAZA informa de los siguientes datos: El titular de [&hellip;]<\/p>\n","protected":false},"author":1,"featured_media":0,"parent":0,"menu_order":0,"comment_status":"closed","ping_status":"closed","template":"","meta":{"_et_pb_use_builder":"on","_et_pb_old_content":"<p>\u00a0<\/p>","_et_gb_content_width":"","footnotes":""},"class_list":["post-658","page","type-page","status-publish","hentry"],"yoast_head":"<!-- This site is optimized with the Yoast SEO plugin v27.4 - https:\/\/yoast.com\/product\/yoast-seo-wordpress\/ -->\n<title>AVISO LEGAL - Apartamentos Plaza<\/title>\n<meta name=\"robots\" content=\"index, follow, max-snippet:-1, max-image-preview:large, max-video-preview:-1\" \/>\n<link rel=\"canonical\" href=\"https:\/\/apartamentosplaza.com\/web\/index.php\/aviso-legal\/\" \/>\n<meta property=\"og:locale\" content=\"fr_FR\" \/>\n<meta property=\"og:type\" content=\"article\" \/>\n<meta property=\"og:title\" content=\"AVISO LEGAL - Apartamentos Plaza\" \/>\n<meta property=\"og:description\" content=\"En cumplimiento de la Ley 34\/2002, de 11 de julio, de Servicios de la Sociedad de la Informaci\u00f3n y de Comercio Electr\u00f3nico (LSSI-CE), APARTAMENTOS PLAZA informa que es titular del sitio web www.apartamentosplaza.com. De acuerdo con la exigencia del art\u00edculo 10 de la citada Ley, APARTAMENTOS PLAZA informa de los siguientes datos: El titular de [&hellip;]\" \/>\n<meta property=\"og:url\" content=\"https:\/\/apartamentosplaza.com\/web\/index.php\/aviso-legal\/\" \/>\n<meta property=\"og:site_name\" content=\"Apartamentos Plaza\" \/>\n<meta property=\"article:publisher\" content=\"https:\/\/www.facebook.com\/apartamentosplazacordoba\/\" \/>\n<meta property=\"article:modified_time\" content=\"2018-04-24T19:42:55+00:00\" \/>\n<meta name=\"twitter:card\" content=\"summary_large_image\" \/>\n<meta name=\"twitter:label1\" content=\"Est. reading time\" \/>\n\t<meta name=\"twitter:data1\" content=\"6 minutes\" \/>\n<script type=\"application\/ld+json\" class=\"yoast-schema-graph\">{\"@context\":\"https:\\\/\\\/schema.org\",\"@graph\":[{\"@type\":\"WebPage\",\"@id\":\"https:\\\/\\\/apartamentosplaza.com\\\/web\\\/index.php\\\/aviso-legal\\\/\",\"url\":\"https:\\\/\\\/apartamentosplaza.com\\\/web\\\/index.php\\\/aviso-legal\\\/\",\"name\":\"AVISO LEGAL - Apartamentos Plaza\",\"isPartOf\":{\"@id\":\"https:\\\/\\\/apartamentosplaza.com\\\/web\\\/#website\"},\"datePublished\":\"2018-04-24T19:29:25+00:00\",\"dateModified\":\"2018-04-24T19:42:55+00:00\",\"breadcrumb\":{\"@id\":\"https:\\\/\\\/apartamentosplaza.com\\\/web\\\/index.php\\\/aviso-legal\\\/#breadcrumb\"},\"inLanguage\":\"fr-FR\",\"potentialAction\":[{\"@type\":\"ReadAction\",\"target\":[\"https:\\\/\\\/apartamentosplaza.com\\\/web\\\/index.php\\\/aviso-legal\\\/\"]}]},{\"@type\":\"BreadcrumbList\",\"@id\":\"https:\\\/\\\/apartamentosplaza.com\\\/web\\\/index.php\\\/aviso-legal\\\/#breadcrumb\",\"itemListElement\":[{\"@type\":\"ListItem\",\"position\":1,\"name\":\"Portada\",\"item\":\"https:\\\/\\\/apartamentosplaza.com\\\/web\\\/\"},{\"@type\":\"ListItem\",\"position\":2,\"name\":\"AVISO LEGAL\"}]},{\"@type\":\"WebSite\",\"@id\":\"https:\\\/\\\/apartamentosplaza.com\\\/web\\\/#website\",\"url\":\"https:\\\/\\\/apartamentosplaza.com\\\/web\\\/\",\"name\":\"Apartamentos Plaza\",\"description\":\"Apartamentos Plaza en C\u00f3rdoba\",\"publisher\":{\"@id\":\"https:\\\/\\\/apartamentosplaza.com\\\/web\\\/#organization\"},\"potentialAction\":[{\"@type\":\"SearchAction\",\"target\":{\"@type\":\"EntryPoint\",\"urlTemplate\":\"https:\\\/\\\/apartamentosplaza.com\\\/web\\\/?s={search_term_string}\"},\"query-input\":{\"@type\":\"PropertyValueSpecification\",\"valueRequired\":true,\"valueName\":\"search_term_string\"}}],\"inLanguage\":\"fr-FR\"},{\"@type\":\"Organization\",\"@id\":\"https:\\\/\\\/apartamentosplaza.com\\\/web\\\/#organization\",\"name\":\"Apartamentos tur\u00edsticos Plaza\",\"url\":\"https:\\\/\\\/apartamentosplaza.com\\\/web\\\/\",\"logo\":{\"@type\":\"ImageObject\",\"inLanguage\":\"fr-FR\",\"@id\":\"https:\\\/\\\/apartamentosplaza.com\\\/web\\\/#\\\/schema\\\/logo\\\/image\\\/\",\"url\":\"https:\\\/\\\/i1.wp.com\\\/www.apartamentosplaza.com\\\/web\\\/wp-content\\\/uploads\\\/2018\\\/03\\\/logo_plaza_fondo_blanco.png?fit=250%2C250&ssl=1\",\"contentUrl\":\"https:\\\/\\\/i1.wp.com\\\/www.apartamentosplaza.com\\\/web\\\/wp-content\\\/uploads\\\/2018\\\/03\\\/logo_plaza_fondo_blanco.png?fit=250%2C250&ssl=1\",\"width\":250,\"height\":250,\"caption\":\"Apartamentos tur\u00edsticos Plaza\"},\"image\":{\"@id\":\"https:\\\/\\\/apartamentosplaza.com\\\/web\\\/#\\\/schema\\\/logo\\\/image\\\/\"},\"sameAs\":[\"https:\\\/\\\/www.facebook.com\\\/apartamentosplazacordoba\\\/\",\"https:\\\/\\\/www.instagram.com\\\/apartamentosplazacordoba\\\/\"]}]}<\/script>\n<!-- \/ Yoast SEO plugin. -->","yoast_head_json":{"title":"AVISO LEGAL - Apartamentos Plaza","robots":{"index":"index","follow":"follow","max-snippet":"max-snippet:-1","max-image-preview":"max-image-preview:large","max-video-preview":"max-video-preview:-1"},"canonical":"https:\/\/apartamentosplaza.com\/web\/index.php\/aviso-legal\/","og_locale":"fr_FR","og_type":"article","og_title":"AVISO LEGAL - Apartamentos Plaza","og_description":"En cumplimiento de la Ley 34\/2002, de 11 de julio, de Servicios de la Sociedad de la Informaci\u00f3n y de Comercio Electr\u00f3nico (LSSI-CE), APARTAMENTOS PLAZA informa que es titular del sitio web www.apartamentosplaza.com. De acuerdo con la exigencia del art\u00edculo 10 de la citada Ley, APARTAMENTOS PLAZA informa de los siguientes datos: El titular de [&hellip;]","og_url":"https:\/\/apartamentosplaza.com\/web\/index.php\/aviso-legal\/","og_site_name":"Apartamentos Plaza","article_publisher":"https:\/\/www.facebook.com\/apartamentosplazacordoba\/","article_modified_time":"2018-04-24T19:42:55+00:00","twitter_card":"summary_large_image","twitter_misc":{"Est. reading time":"6 minutes"},"schema":{"@context":"https:\/\/schema.org","@graph":[{"@type":"WebPage","@id":"https:\/\/apartamentosplaza.com\/web\/index.php\/aviso-legal\/","url":"https:\/\/apartamentosplaza.com\/web\/index.php\/aviso-legal\/","name":"AVISO LEGAL - Apartamentos Plaza","isPartOf":{"@id":"https:\/\/apartamentosplaza.com\/web\/#website"},"datePublished":"2018-04-24T19:29:25+00:00","dateModified":"2018-04-24T19:42:55+00:00","breadcrumb":{"@id":"https:\/\/apartamentosplaza.com\/web\/index.php\/aviso-legal\/#breadcrumb"},"inLanguage":"fr-FR","potentialAction":[{"@type":"ReadAction","target":["https:\/\/apartamentosplaza.com\/web\/index.php\/aviso-legal\/"]}]},{"@type":"BreadcrumbList","@id":"https:\/\/apartamentosplaza.com\/web\/index.php\/aviso-legal\/#breadcrumb","itemListElement":[{"@type":"ListItem","position":1,"name":"Portada","item":"https:\/\/apartamentosplaza.com\/web\/"},{"@type":"ListItem","position":2,"name":"AVISO LEGAL"}]},{"@type":"WebSite","@id":"https:\/\/apartamentosplaza.com\/web\/#website","url":"https:\/\/apartamentosplaza.com\/web\/","name":"Apartamentos Plaza","description":"Apartamentos Plaza en C\u00f3rdoba","publisher":{"@id":"https:\/\/apartamentosplaza.com\/web\/#organization"},"potentialAction":[{"@type":"SearchAction","target":{"@type":"EntryPoint","urlTemplate":"https:\/\/apartamentosplaza.com\/web\/?s={search_term_string}"},"query-input":{"@type":"PropertyValueSpecification","valueRequired":true,"valueName":"search_term_string"}}],"inLanguage":"fr-FR"},{"@type":"Organization","@id":"https:\/\/apartamentosplaza.com\/web\/#organization","name":"Apartamentos tur\u00edsticos Plaza","url":"https:\/\/apartamentosplaza.com\/web\/","logo":{"@type":"ImageObject","inLanguage":"fr-FR","@id":"https:\/\/apartamentosplaza.com\/web\/#\/schema\/logo\/image\/","url":"https:\/\/i1.wp.com\/www.apartamentosplaza.com\/web\/wp-content\/uploads\/2018\/03\/logo_plaza_fondo_blanco.png?fit=250%2C250&ssl=1","contentUrl":"https:\/\/i1.wp.com\/www.apartamentosplaza.com\/web\/wp-content\/uploads\/2018\/03\/logo_plaza_fondo_blanco.png?fit=250%2C250&ssl=1","width":250,"height":250,"caption":"Apartamentos tur\u00edsticos Plaza"},"image":{"@id":"https:\/\/apartamentosplaza.com\/web\/#\/schema\/logo\/image\/"},"sameAs":["https:\/\/www.facebook.com\/apartamentosplazacordoba\/","https:\/\/www.instagram.com\/apartamentosplazacordoba\/"]}]}},"_links":{"self":[{"href":"https:\/\/apartamentosplaza.com\/web\/index.php\/wp-json\/wp\/v2\/pages\/658","targetHints":{"allow":["GET"]}}],"collection":[{"href":"https:\/\/apartamentosplaza.com\/web\/index.php\/wp-json\/wp\/v2\/pages"}],"about":[{"href":"https:\/\/apartamentosplaza.com\/web\/index.php\/wp-json\/wp\/v2\/types\/page"}],"author":[{"embeddable":true,"href":"https:\/\/apartamentosplaza.com\/web\/index.php\/wp-json\/wp\/v2\/users\/1"}],"replies":[{"embeddable":true,"href":"https:\/\/apartamentosplaza.com\/web\/index.php\/wp-json\/wp\/v2\/comments?post=658"}],"version-history":[{"count":5,"href":"https:\/\/apartamentosplaza.com\/web\/index.php\/wp-json\/wp\/v2\/pages\/658\/revisions"}],"predecessor-version":[{"id":664,"href":"https:\/\/apartamentosplaza.com\/web\/index.php\/wp-json\/wp\/v2\/pages\/658\/revisions\/664"}],"wp:attachment":[{"href":"https:\/\/apartamentosplaza.com\/web\/index.php\/wp-json\/wp\/v2\/media?parent=658"}],"curies":[{"name":"wp","href":"https:\/\/api.w.org\/{rel}","templated":true}]}}