{"id":533,"date":"2018-04-23T18:54:38","date_gmt":"2018-04-23T18:54:38","guid":{"rendered":"http:\/\/www.apartamentosplaza.com\/web\/?page_id=533"},"modified":"2024-05-24T13:53:05","modified_gmt":"2024-05-24T13:53:05","slug":"apartamento-superior","status":"publish","type":"page","link":"https:\/\/apartamentosplaza.com\/web\/index.php\/apartamento-superior\/","title":{"rendered":"Apartamento Superior"},"content":{"rendered":"<p>[et_pb_section fb_built=\u00bb1&#8243; _builder_version=\u00bb4.16&#8243; custom_padding=\u00bb0px|0px|0px|0px\u00bb global_colors_info=\u00bb{}\u00bb][et_pb_row _builder_version=\u00bb4.16&#8243; custom_padding=\u00bb15px|0px|0px|0px\u00bb global_colors_info=\u00bb{}\u00bb][et_pb_column type=\u00bb4_4&#8243; _builder_version=\u00bb4.16&#8243; custom_padding=\u00bb|||\u00bb global_colors_info=\u00bb{}\u00bb custom_padding__hover=\u00bb|||\u00bb][et_pb_post_title meta=\u00bboff\u00bb featured_image=\u00bboff\u00bb _builder_version=\u00bb4.16&#8243; title_font=\u00bb|800|||||||\u00bb title_text_align=\u00bbcenter\u00bb title_font_size=\u00bb40px\u00bb custom_padding=\u00bb20px||15px|\u00bb global_colors_info=\u00bb{}\u00bb][\/et_pb_post_title][\/et_pb_column][\/et_pb_row][\/et_pb_section][et_pb_section fb_built=\u00bb1&#8243; make_equal=\u00bbon\u00bb specialty=\u00bbon\u00bb _builder_version=\u00bb4.16&#8243; background_image=\u00bbhttps:\/\/www.apartamentosplaza.com\/web\/wp-content\/uploads\/2018\/04\/fondolinea.png\u00bb background_size=\u00bbinitial\u00bb background_position=\u00bbtop_left\u00bb background_repeat=\u00bbrepeat-x\u00bb custom_margin=\u00bb|||\u00bb custom_padding=\u00bb57.59375px|0px|0px|0px\u00bb global_colors_info=\u00bb{}\u00bb][et_pb_column type=\u00bb1_2&#8243; _builder_version=\u00bb4.16&#8243; custom_padding=\u00bb|||\u00bb global_colors_info=\u00bb{}\u00bb custom_padding__hover=\u00bb|||\u00bb][et_pb_gallery gallery_ids=\u00bb815,816,817,818,819,820,821,822,823&#8243; gallery_captions=\u00bb,,,,,,,,\u00bb fullwidth=\u00bbon\u00bb _builder_version=\u00bb4.16&#8243; title_font=\u00bb||||||||\u00bb module_alignment=\u00bbcenter\u00bb auto=\u00bbon\u00bb box_shadow_style=\u00bbpreset1&#8243; box_shadow_horizontal=\u00bb13px\u00bb box_shadow_vertical=\u00bb13px\u00bb global_colors_info=\u00bb{}\u00bb][\/et_pb_gallery][et_pb_gallery gallery_ids=\u00bb825,826,827,828,829,830,831,832,833&#8243; gallery_captions=\u00bb,,,,,,,,\u00bb posts_number=\u00bb6&#8243; show_title_and_caption=\u00bboff\u00bb disabled_on=\u00bbon|off|off\u00bb _builder_version=\u00bb4.16&#8243; title_font=\u00bb||||||||\u00bb caption_font=\u00bb||||||||\u00bb caption_text_align=\u00bbcenter\u00bb pagination_font=\u00bb||||||||\u00bb pagination_text_align=\u00bbcenter\u00bb background_color=\u00bbrgba(255,255,255,0.8)\u00bb max_width=\u00bb78%\u00bb module_alignment=\u00bbcenter\u00bb custom_padding=\u00bb15px|15px|15px|15px\u00bb global_colors_info=\u00bb{}\u00bb][\/et_pb_gallery][et_pb_gallery gallery_ids=\u00bb834,835,836,837,838,839,840,841,842&#8243; gallery_captions=\u00bb,,,,,,,,\u00bb posts_number=\u00bb3&#8243; show_title_and_caption=\u00bboff\u00bb disabled_on=\u00bboff|on|on\u00bb _builder_version=\u00bb4.16&#8243; title_font=\u00bb||||||||\u00bb caption_font=\u00bb||||||||\u00bb caption_text_align=\u00bbcenter\u00bb pagination_font=\u00bb||||||||\u00bb pagination_text_align=\u00bbcenter\u00bb background_color=\u00bbrgba(255,255,255,0.8)\u00bb max_width=\u00bb60%\u00bb module_alignment=\u00bbcenter\u00bb custom_padding=\u00bb15px|15px|15px|15px\u00bb global_colors_info=\u00bb{}\u00bb][\/et_pb_gallery][\/et_pb_column][et_pb_column type=\u00bb1_2&#8243; specialty_columns=\u00bb2&#8243; _builder_version=\u00bb4.16&#8243; custom_padding=\u00bb|||\u00bb global_colors_info=\u00bb{}\u00bb custom_padding__hover=\u00bb|||\u00bb][et_pb_row_inner _builder_version=\u00bb4.16&#8243; global_colors_info=\u00bb{}\u00bb][et_pb_column_inner saved_specialty_column_type=\u00bb1_2&#8243; _builder_version=\u00bb4.16&#8243; custom_padding=\u00bb|||\u00bb global_colors_info=\u00bb{}\u00bb custom_padding__hover=\u00bb|||\u00bb][et_pb_accordion _builder_version=\u00bb4.16&#8243; global_colors_info=\u00bb{}\u00bb][et_pb_accordion_item title=\u00bbServicios adicionales\u00bb open=\u00bbon\u00bb _builder_version=\u00bb4.16&#8243; global_colors_info=\u00bb{}\u00bb]<\/p>\n<p>Menores de 2 a\u00f1os \u00a0| \u00a0Cuna-parque sin coste adicional<span>\u00a0<\/span><br \/>A partir de 2 a\u00f1os hasta 12 a\u00f1os \u00a0| \u00a0Cama supletoria 15\u20ac\/noche<br \/>A partir de 13 a\u00f1os \u00a0| \u00a0Cama supletoria 20\u20ac\/noche (30\u20ac Marzo, Abril, Mayo, Octubre)<\/p>\n<p>[\/et_pb_accordion_item][\/et_pb_accordion][\/et_pb_column_inner][\/et_pb_row_inner][et_pb_row_inner disabled_on=\u00bbon|off|off\u00bb module_class=\u00bbcinco-columnas\u00bb _builder_version=\u00bb4.16&#8243; background_color=\u00bbrgba(255,255,255,0.8)\u00bb custom_padding=\u00bb20px|0px|0px|0px\u00bb global_colors_info=\u00bb{}\u00bb][et_pb_column_inner saved_specialty_column_type=\u00bb1_2&#8243; _builder_version=\u00bb4.16&#8243; custom_padding=\u00bb|||\u00bb global_colors_info=\u00bb{}\u00bb custom_padding__hover=\u00bb|||\u00bb][et_pb_blurb image=\u00bbhttps:\/\/www.apartamentosplaza.com\/web\/wp-content\/uploads\/2018\/03\/1963606-bathroom-sho.png\u00bb _builder_version=\u00bb4.16&#8243; global_colors_info=\u00bb{}\u00bb][\/et_pb_blurb][et_pb_blurb image=\u00bbhttps:\/\/www.apartamentosplaza.com\/web\/wp-content\/uploads\/2018\/03\/1963636-bath-bathtub.png\u00bb _builder_version=\u00bb4.16&#8243; global_colors_info=\u00bb{}\u00bb][\/et_pb_blurb][et_pb_blurb image=\u00bbhttps:\/\/www.apartamentosplaza.com\/web\/wp-content\/uploads\/2018\/03\/1963601-dryer-hair-s.png\u00bb _builder_version=\u00bb4.16&#8243; global_colors_info=\u00bb{}\u00bb][\/et_pb_blurb][et_pb_blurb image=\u00bbhttps:\/\/www.apartamentosplaza.com\/web\/wp-content\/uploads\/2018\/03\/1963626-beds-hotel-r.png\u00bb _builder_version=\u00bb4.16&#8243; global_colors_info=\u00bb{}\u00bb][\/et_pb_blurb][et_pb_blurb image=\u00bbhttps:\/\/www.apartamentosplaza.com\/web\/wp-content\/uploads\/2018\/03\/1963595-freezer-frid.png\u00bb _builder_version=\u00bb4.16&#8243; global_colors_info=\u00bb{}\u00bb][\/et_pb_blurb][et_pb_blurb image=\u00bbhttps:\/\/www.apartamentosplaza.com\/web\/wp-content\/uploads\/2018\/03\/1963611-hot-internet.png\u00bb _builder_version=\u00bb4.16&#8243; global_colors_info=\u00bb{}\u00bb][\/et_pb_blurb][et_pb_blurb image=\u00bbhttps:\/\/www.apartamentosplaza.com\/web\/wp-content\/uploads\/2018\/03\/1963597-broadcast-ca.png\u00bb _builder_version=\u00bb4.16&#8243; global_colors_info=\u00bb{}\u00bb][\/et_pb_blurb][\/et_pb_column_inner][\/et_pb_row_inner][et_pb_row_inner disabled_on=\u00bboff|on|on\u00bb module_class=\u00bbtres-columnas\u00bb _builder_version=\u00bb4.16&#8243; background_color=\u00bbrgba(255,255,255,0.8)\u00bb custom_padding=\u00bb20px|0px|0px|0px\u00bb global_colors_info=\u00bb{}\u00bb][et_pb_column_inner saved_specialty_column_type=\u00bb1_2&#8243; _builder_version=\u00bb4.16&#8243; custom_padding=\u00bb|||\u00bb global_colors_info=\u00bb{}\u00bb custom_padding__hover=\u00bb|||\u00bb][et_pb_blurb image=\u00bbhttps:\/\/www.apartamentosplaza.com\/web\/wp-content\/uploads\/2018\/03\/1963606-bathroom-sho.png\u00bb _builder_version=\u00bb4.16&#8243; global_colors_info=\u00bb{}\u00bb][\/et_pb_blurb][et_pb_blurb image=\u00bbhttps:\/\/www.apartamentosplaza.com\/web\/wp-content\/uploads\/2018\/03\/1963636-bath-bathtub.png\u00bb _builder_version=\u00bb4.16&#8243; global_colors_info=\u00bb{}\u00bb][\/et_pb_blurb][et_pb_blurb image=\u00bbhttps:\/\/www.apartamentosplaza.com\/web\/wp-content\/uploads\/2018\/03\/1963601-dryer-hair-s.png\u00bb _builder_version=\u00bb4.16&#8243; global_colors_info=\u00bb{}\u00bb][\/et_pb_blurb][et_pb_blurb image=\u00bbhttps:\/\/www.apartamentosplaza.com\/web\/wp-content\/uploads\/2018\/03\/1963626-beds-hotel-r.png\u00bb _builder_version=\u00bb4.16&#8243; global_colors_info=\u00bb{}\u00bb][\/et_pb_blurb][et_pb_blurb image=\u00bbhttps:\/\/www.apartamentosplaza.com\/web\/wp-content\/uploads\/2018\/03\/1963595-freezer-frid.png\u00bb _builder_version=\u00bb4.16&#8243; global_colors_info=\u00bb{}\u00bb][\/et_pb_blurb][et_pb_blurb image=\u00bbhttps:\/\/www.apartamentosplaza.com\/web\/wp-content\/uploads\/2018\/03\/1963611-hot-internet.png\u00bb _builder_version=\u00bb4.16&#8243; global_colors_info=\u00bb{}\u00bb][\/et_pb_blurb][et_pb_blurb image=\u00bbhttps:\/\/www.apartamentosplaza.com\/web\/wp-content\/uploads\/2018\/03\/1963597-broadcast-ca.png\u00bb _builder_version=\u00bb4.16&#8243; global_colors_info=\u00bb{}\u00bb][\/et_pb_blurb][\/et_pb_column_inner][\/et_pb_row_inner][et_pb_row_inner _builder_version=\u00bb4.16&#8243; global_colors_info=\u00bb{}\u00bb][et_pb_column_inner saved_specialty_column_type=\u00bb1_2&#8243; _builder_version=\u00bb4.16&#8243; custom_padding=\u00bb|||\u00bb global_colors_info=\u00bb{}\u00bb custom_padding__hover=\u00bb|||\u00bb][et_pb_accordion _builder_version=\u00bb4.16&#8243; global_colors_info=\u00bb{}\u00bb][et_pb_accordion_item title=\u00bbCaracter\u00edsticas\u00bb open=\u00bbon\u00bb _builder_version=\u00bb4.16&#8243; global_colors_info=\u00bb{}\u00bb]<\/p>\n<p><strong>Tama\u00f1o del Apartmento\u00a0 \u00a065 m\u00b2<span>\u00a0<\/span><\/strong><br \/><strong>Ba\u00f1o Privado<\/strong>\u00a0\u00a0Ducha, Ba\u00f1era, Aseo, Bidet, Toallas, Secador de pelo, Art\u00edculos de aseo gratis, Papel higi\u00e9nico<br \/><strong>Dormitorio<\/strong>\u00a0\u00a02 camas individuales, Ropa de cama, Armario\u00a0<br \/><strong>Sala de Estar<\/strong><span>\u00a0<\/span>\u00a02 camas individuales, Ropa de cama, 1 sof\u00e1 cama, Zona de estar, TV de pantalla plana<br \/><strong>Cocina<\/strong>\u00a0\u00a0Nevera, Microondas,Cocina, Hervidor el\u00e9ctrico, Utensilios de cocina, Tostadora, Cafetera, Productos de limpieza<\/p>\n<p><strong>Zona de Comedor<\/strong>\u00a0<span>\u00a0<\/span>Mesa de comedor, sillas<br \/><strong>Bajo Petici\u00f3n<\/strong>\u00a0<span>\u00a0<\/span>\u00a0Equipo de planchado, Trona ni\u00f1os\u00a0<\/p>\n<p><strong>Aire Acondicionado<span>\u00a0<\/span><\/strong><br \/><strong>Suelo de baldosa \/ m\u00e1rmol<\/strong><br \/><strong>WiFi gratis en todas las habitaciones<\/strong><br \/><strong>Acceso a pisos superiores solo mediante escaleras<\/strong><\/p>\n<p><strong>Camas Supletorias<span>\u00a0 <\/span><span>(Capacidad para 1 cuna y 2 camas supletorias)<\/span><\/strong><\/p>\n<p>[\/et_pb_accordion_item][\/et_pb_accordion][\/et_pb_column_inner][\/et_pb_row_inner][\/et_pb_column][\/et_pb_section]<\/p>\n","protected":false},"excerpt":{"rendered":"<p>Menores de 2 a\u00f1os \u00a0| \u00a0Cuna-parque sin coste adicional\u00a0A partir de 2 a\u00f1os hasta 12 a\u00f1os \u00a0| \u00a0Cama supletoria 15\u20ac\/nocheA partir de 13 a\u00f1os \u00a0| \u00a0Cama supletoria 20\u20ac\/noche (30\u20ac Marzo, Abril, Mayo, Octubre)Tama\u00f1o del Apartmento\u00a0 \u00a065 m\u00b2\u00a0Ba\u00f1o Privado\u00a0\u00a0Ducha, Ba\u00f1era, Aseo, Bidet, Toallas, Secador de pelo, Art\u00edculos de aseo gratis, Papel higi\u00e9nicoDormitorio\u00a0\u00a02 camas individuales, Ropa de [&hellip;]<\/p>\n","protected":false},"author":1,"featured_media":0,"parent":0,"menu_order":0,"comment_status":"closed","ping_status":"closed","template":"","meta":{"_et_pb_use_builder":"on","_et_pb_old_content":"","_et_gb_content_width":"","footnotes":""},"class_list":["post-533","page","type-page","status-publish","hentry"],"yoast_head":"<!-- This site is optimized with the Yoast SEO plugin v27.3 - https:\/\/yoast.com\/product\/yoast-seo-wordpress\/ -->\n<title>Apartamento Superior - Apartamentos Plaza<\/title>\n<meta name=\"robots\" content=\"index, follow, max-snippet:-1, max-image-preview:large, max-video-preview:-1\" \/>\n<link rel=\"canonical\" href=\"https:\/\/apartamentosplaza.com\/web\/index.php\/apartamento-superior\/\" \/>\n<meta property=\"og:locale\" content=\"es_ES\" \/>\n<meta property=\"og:type\" content=\"article\" \/>\n<meta property=\"og:title\" content=\"Apartamento Superior - Apartamentos Plaza\" \/>\n<meta property=\"og:description\" content=\"Menores de 2 a\u00f1os \u00a0| \u00a0Cuna-parque sin coste adicional\u00a0A partir de 2 a\u00f1os hasta 12 a\u00f1os \u00a0| \u00a0Cama supletoria 15\u20ac\/nocheA partir de 13 a\u00f1os \u00a0| \u00a0Cama supletoria 20\u20ac\/noche (30\u20ac Marzo, Abril, Mayo, Octubre)Tama\u00f1o del Apartmento\u00a0 \u00a065 m\u00b2\u00a0Ba\u00f1o Privado\u00a0\u00a0Ducha, Ba\u00f1era, Aseo, Bidet, Toallas, Secador de pelo, Art\u00edculos de aseo gratis, Papel higi\u00e9nicoDormitorio\u00a0\u00a02 camas individuales, Ropa de [&hellip;]\" \/>\n<meta property=\"og:url\" content=\"https:\/\/apartamentosplaza.com\/web\/index.php\/apartamento-superior\/\" \/>\n<meta property=\"og:site_name\" content=\"Apartamentos Plaza\" \/>\n<meta property=\"article:publisher\" content=\"https:\/\/www.facebook.com\/apartamentosplazacordoba\/\" \/>\n<meta property=\"article:modified_time\" content=\"2024-05-24T13:53:05+00:00\" \/>\n<meta name=\"twitter:card\" content=\"summary_large_image\" \/>\n<meta name=\"twitter:label1\" content=\"Tiempo de lectura\" \/>\n\t<meta name=\"twitter:data1\" content=\"5 minutos\" \/>\n<script type=\"application\/ld+json\" class=\"yoast-schema-graph\">{\"@context\":\"https:\\\/\\\/schema.org\",\"@graph\":[{\"@type\":\"WebPage\",\"@id\":\"https:\\\/\\\/apartamentosplaza.com\\\/web\\\/index.php\\\/apartamento-superior\\\/\",\"url\":\"https:\\\/\\\/apartamentosplaza.com\\\/web\\\/index.php\\\/apartamento-superior\\\/\",\"name\":\"Apartamento Superior - Apartamentos Plaza\",\"isPartOf\":{\"@id\":\"https:\\\/\\\/apartamentosplaza.com\\\/web\\\/#website\"},\"datePublished\":\"2018-04-23T18:54:38+00:00\",\"dateModified\":\"2024-05-24T13:53:05+00:00\",\"breadcrumb\":{\"@id\":\"https:\\\/\\\/apartamentosplaza.com\\\/web\\\/index.php\\\/apartamento-superior\\\/#breadcrumb\"},\"inLanguage\":\"es\",\"potentialAction\":[{\"@type\":\"ReadAction\",\"target\":[\"https:\\\/\\\/apartamentosplaza.com\\\/web\\\/index.php\\\/apartamento-superior\\\/\"]}]},{\"@type\":\"BreadcrumbList\",\"@id\":\"https:\\\/\\\/apartamentosplaza.com\\\/web\\\/index.php\\\/apartamento-superior\\\/#breadcrumb\",\"itemListElement\":[{\"@type\":\"ListItem\",\"position\":1,\"name\":\"Portada\",\"item\":\"https:\\\/\\\/apartamentosplaza.com\\\/web\\\/\"},{\"@type\":\"ListItem\",\"position\":2,\"name\":\"Apartamento Superior\"}]},{\"@type\":\"WebSite\",\"@id\":\"https:\\\/\\\/apartamentosplaza.com\\\/web\\\/#website\",\"url\":\"https:\\\/\\\/apartamentosplaza.com\\\/web\\\/\",\"name\":\"Apartamentos Plaza\",\"description\":\"Apartamentos Plaza en C\u00f3rdoba\",\"publisher\":{\"@id\":\"https:\\\/\\\/apartamentosplaza.com\\\/web\\\/#organization\"},\"potentialAction\":[{\"@type\":\"SearchAction\",\"target\":{\"@type\":\"EntryPoint\",\"urlTemplate\":\"https:\\\/\\\/apartamentosplaza.com\\\/web\\\/?s={search_term_string}\"},\"query-input\":{\"@type\":\"PropertyValueSpecification\",\"valueRequired\":true,\"valueName\":\"search_term_string\"}}],\"inLanguage\":\"es\"},{\"@type\":\"Organization\",\"@id\":\"https:\\\/\\\/apartamentosplaza.com\\\/web\\\/#organization\",\"name\":\"Apartamentos tur\u00edsticos Plaza\",\"url\":\"https:\\\/\\\/apartamentosplaza.com\\\/web\\\/\",\"logo\":{\"@type\":\"ImageObject\",\"inLanguage\":\"es\",\"@id\":\"https:\\\/\\\/apartamentosplaza.com\\\/web\\\/#\\\/schema\\\/logo\\\/image\\\/\",\"url\":\"https:\\\/\\\/i1.wp.com\\\/www.apartamentosplaza.com\\\/web\\\/wp-content\\\/uploads\\\/2018\\\/03\\\/logo_plaza_fondo_blanco.png?fit=250%2C250&ssl=1\",\"contentUrl\":\"https:\\\/\\\/i1.wp.com\\\/www.apartamentosplaza.com\\\/web\\\/wp-content\\\/uploads\\\/2018\\\/03\\\/logo_plaza_fondo_blanco.png?fit=250%2C250&ssl=1\",\"width\":250,\"height\":250,\"caption\":\"Apartamentos tur\u00edsticos Plaza\"},\"image\":{\"@id\":\"https:\\\/\\\/apartamentosplaza.com\\\/web\\\/#\\\/schema\\\/logo\\\/image\\\/\"},\"sameAs\":[\"https:\\\/\\\/www.facebook.com\\\/apartamentosplazacordoba\\\/\",\"https:\\\/\\\/www.instagram.com\\\/apartamentosplazacordoba\\\/\"]}]}<\/script>\n<!-- \/ Yoast SEO plugin. -->","yoast_head_json":{"title":"Apartamento Superior - Apartamentos Plaza","robots":{"index":"index","follow":"follow","max-snippet":"max-snippet:-1","max-image-preview":"max-image-preview:large","max-video-preview":"max-video-preview:-1"},"canonical":"https:\/\/apartamentosplaza.com\/web\/index.php\/apartamento-superior\/","og_locale":"es_ES","og_type":"article","og_title":"Apartamento Superior - Apartamentos Plaza","og_description":"Menores de 2 a\u00f1os \u00a0| \u00a0Cuna-parque sin coste adicional\u00a0A partir de 2 a\u00f1os hasta 12 a\u00f1os \u00a0| \u00a0Cama supletoria 15\u20ac\/nocheA partir de 13 a\u00f1os \u00a0| \u00a0Cama supletoria 20\u20ac\/noche (30\u20ac Marzo, Abril, Mayo, Octubre)Tama\u00f1o del Apartmento\u00a0 \u00a065 m\u00b2\u00a0Ba\u00f1o Privado\u00a0\u00a0Ducha, Ba\u00f1era, Aseo, Bidet, Toallas, Secador de pelo, Art\u00edculos de aseo gratis, Papel higi\u00e9nicoDormitorio\u00a0\u00a02 camas individuales, Ropa de [&hellip;]","og_url":"https:\/\/apartamentosplaza.com\/web\/index.php\/apartamento-superior\/","og_site_name":"Apartamentos Plaza","article_publisher":"https:\/\/www.facebook.com\/apartamentosplazacordoba\/","article_modified_time":"2024-05-24T13:53:05+00:00","twitter_card":"summary_large_image","twitter_misc":{"Tiempo de lectura":"5 minutos"},"schema":{"@context":"https:\/\/schema.org","@graph":[{"@type":"WebPage","@id":"https:\/\/apartamentosplaza.com\/web\/index.php\/apartamento-superior\/","url":"https:\/\/apartamentosplaza.com\/web\/index.php\/apartamento-superior\/","name":"Apartamento Superior - Apartamentos Plaza","isPartOf":{"@id":"https:\/\/apartamentosplaza.com\/web\/#website"},"datePublished":"2018-04-23T18:54:38+00:00","dateModified":"2024-05-24T13:53:05+00:00","breadcrumb":{"@id":"https:\/\/apartamentosplaza.com\/web\/index.php\/apartamento-superior\/#breadcrumb"},"inLanguage":"es","potentialAction":[{"@type":"ReadAction","target":["https:\/\/apartamentosplaza.com\/web\/index.php\/apartamento-superior\/"]}]},{"@type":"BreadcrumbList","@id":"https:\/\/apartamentosplaza.com\/web\/index.php\/apartamento-superior\/#breadcrumb","itemListElement":[{"@type":"ListItem","position":1,"name":"Portada","item":"https:\/\/apartamentosplaza.com\/web\/"},{"@type":"ListItem","position":2,"name":"Apartamento Superior"}]},{"@type":"WebSite","@id":"https:\/\/apartamentosplaza.com\/web\/#website","url":"https:\/\/apartamentosplaza.com\/web\/","name":"Apartamentos Plaza","description":"Apartamentos Plaza en C\u00f3rdoba","publisher":{"@id":"https:\/\/apartamentosplaza.com\/web\/#organization"},"potentialAction":[{"@type":"SearchAction","target":{"@type":"EntryPoint","urlTemplate":"https:\/\/apartamentosplaza.com\/web\/?s={search_term_string}"},"query-input":{"@type":"PropertyValueSpecification","valueRequired":true,"valueName":"search_term_string"}}],"inLanguage":"es"},{"@type":"Organization","@id":"https:\/\/apartamentosplaza.com\/web\/#organization","name":"Apartamentos tur\u00edsticos Plaza","url":"https:\/\/apartamentosplaza.com\/web\/","logo":{"@type":"ImageObject","inLanguage":"es","@id":"https:\/\/apartamentosplaza.com\/web\/#\/schema\/logo\/image\/","url":"https:\/\/i1.wp.com\/www.apartamentosplaza.com\/web\/wp-content\/uploads\/2018\/03\/logo_plaza_fondo_blanco.png?fit=250%2C250&ssl=1","contentUrl":"https:\/\/i1.wp.com\/www.apartamentosplaza.com\/web\/wp-content\/uploads\/2018\/03\/logo_plaza_fondo_blanco.png?fit=250%2C250&ssl=1","width":250,"height":250,"caption":"Apartamentos tur\u00edsticos Plaza"},"image":{"@id":"https:\/\/apartamentosplaza.com\/web\/#\/schema\/logo\/image\/"},"sameAs":["https:\/\/www.facebook.com\/apartamentosplazacordoba\/","https:\/\/www.instagram.com\/apartamentosplazacordoba\/"]}]}},"_links":{"self":[{"href":"https:\/\/apartamentosplaza.com\/web\/index.php\/wp-json\/wp\/v2\/pages\/533","targetHints":{"allow":["GET"]}}],"collection":[{"href":"https:\/\/apartamentosplaza.com\/web\/index.php\/wp-json\/wp\/v2\/pages"}],"about":[{"href":"https:\/\/apartamentosplaza.com\/web\/index.php\/wp-json\/wp\/v2\/types\/page"}],"author":[{"embeddable":true,"href":"https:\/\/apartamentosplaza.com\/web\/index.php\/wp-json\/wp\/v2\/users\/1"}],"replies":[{"embeddable":true,"href":"https:\/\/apartamentosplaza.com\/web\/index.php\/wp-json\/wp\/v2\/comments?post=533"}],"version-history":[{"count":8,"href":"https:\/\/apartamentosplaza.com\/web\/index.php\/wp-json\/wp\/v2\/pages\/533\/revisions"}],"predecessor-version":[{"id":2405,"href":"https:\/\/apartamentosplaza.com\/web\/index.php\/wp-json\/wp\/v2\/pages\/533\/revisions\/2405"}],"wp:attachment":[{"href":"https:\/\/apartamentosplaza.com\/web\/index.php\/wp-json\/wp\/v2\/media?parent=533"}],"curies":[{"name":"wp","href":"https:\/\/api.w.org\/{rel}","templated":true}]}}