{"id":104,"date":"2017-07-20T12:45:25","date_gmt":"2017-07-20T12:45:25","guid":{"rendered":"http:\/\/www.apartamentosplaza.com\/web\/?page_id=104"},"modified":"2018-05-01T14:52:10","modified_gmt":"2018-05-01T14:52:10","slug":"apartamentos","status":"publish","type":"page","link":"https:\/\/apartamentosplaza.com\/web\/index.php\/apartamentos\/","title":{"rendered":"APARTAMENTOS"},"content":{"rendered":"<p>[et_pb_section fb_built=&#8221;1&#8243; _builder_version=&#8221;3.0.47&#8243;][et_pb_row _builder_version=&#8221;3.0.47&#8243; background_size=&#8221;initial&#8221; background_position=&#8221;top_left&#8221; background_repeat=&#8221;repeat&#8221;][et_pb_column type=&#8221;1_2&#8243; _builder_version=&#8221;3.0.47&#8243; parallax=&#8221;off&#8221; parallax_method=&#8221;on&#8221;][et_pb_image src=&#8221;https:\/\/www.apartamentosplaza.com\/web\/wp-content\/uploads\/2018\/05\/ESTE-DSC_0395MOD-3.jpg&#8221; align=&#8221;center&#8221; _builder_version=&#8221;3.0.100&#8243; custom_padding=&#8221;|||&#8221; animation_style=&#8221;fade&#8221; box_shadow_style=&#8221;preset2&#8243;][\/et_pb_image][\/et_pb_column][et_pb_column type=&#8221;1_2&#8243; _builder_version=&#8221;3.0.47&#8243; parallax=&#8221;off&#8221; parallax_method=&#8221;on&#8221;][et_pb_text _builder_version=&#8221;3.0.100&#8243; custom_padding=&#8221;15px|15px|15px|15px&#8221;]<\/p>\n<h1><strong>Estudio Loft<\/strong><\/h1>\n<p><strong>Tama\u00f1o del Apartmento\u00a0 \u00a065 m\u00b2<span>\u00a0<\/span><\/strong><br \/> <strong>Ba\u00f1o Privado<\/strong>\u00a0\u00a0Ducha, Ba\u00f1era, Aseo, Bidet, Toallas, Secador de pelo, Art\u00edculos de aseo gratis, Papel higi\u00e9nico<br \/> <strong>Zona de Dormitorio<\/strong>\u00a0\u00a01 cama de matrimonio, 2 camas individuales, Ropa de cama, Armario, Sillones<br \/> <strong>Zona de Estar<\/strong><span>\u00a0<\/span>\u00a01 sof\u00e1 cama individual, sof\u00e1, TV de pantalla plana<br \/> <strong>Cocina<\/strong>\u00a0\u00a0Nevera, Microondas, Cocina, Hervidor el\u00e9ctrico, Utensilios de cocina, Tostadora, Cafetera, Productos de limpieza<\/p>\n<p><strong>Zona de Comedor<\/strong>\u00a0<span>\u00a0<\/span>Mesa de comedor, sillas<br \/> <strong>Bajo Petici\u00f3n<\/strong>\u00a0<span>\u00a0<\/span>\u00a0Equipo de planchado, Trona ni\u00f1os<br \/> <strong><\/strong><\/p>\n<p>[\/et_pb_text][et_pb_button button_url=&#8221;https:\/\/www.apartamentosplaza.com\/web\/index.php\/estudio-loft\/&#8221; button_text=&#8221;M\u00e1s informaci\u00f3n&#8221; _builder_version=&#8221;3.0.100&#8243; custom_button=&#8221;on&#8221; button_bg_color=&#8221;#ffffff&#8221; button_font=&#8221;||||||||&#8221; box_shadow_style=&#8221;preset1&#8243; box_shadow_color=&#8221;rgba(0,0,0,0.77)&#8221;][\/et_pb_button][\/et_pb_column][\/et_pb_row][\/et_pb_section][et_pb_section fb_built=&#8221;1&#8243; disabled_on=&#8221;off|off|off&#8221; _builder_version=&#8221;3.0.100&#8243; background_image=&#8221;https:\/\/www.apartamentosplaza.com\/web\/wp-content\/uploads\/2018\/04\/fondolinea.png&#8221; background_size=&#8221;initial&#8221; background_repeat=&#8221;repeat-x&#8221;][et_pb_row _builder_version=&#8221;3.0.47&#8243; background_size=&#8221;initial&#8221; background_position=&#8221;top_left&#8221; background_repeat=&#8221;repeat&#8221;][et_pb_column type=&#8221;1_2&#8243; _builder_version=&#8221;3.0.47&#8243; parallax=&#8221;off&#8221; parallax_method=&#8221;on&#8221;][et_pb_text _builder_version=&#8221;3.0.100&#8243; text_font=&#8221;||||||||&#8221; header_font=&#8221;||||||||&#8221; background_color=&#8221;rgba(255,255,255,0.82)&#8221; custom_padding=&#8221;15px|15px|15px|15px&#8221;]<\/p>\n<h1><strong>Apartamento Superior<\/strong><\/h1>\n<p><strong>Tama\u00f1o del Apartmento\u00a0 \u00a065 m\u00b2<span>\u00a0<\/span><\/strong><br \/> <strong>Ba\u00f1o Privado<\/strong>\u00a0\u00a0Ducha, Ba\u00f1era, Aseo, Bidet, Toallas, Secador de pelo, Art\u00edculos de aseo gratis, Papel higi\u00e9nico<br \/> <strong>Dormitorio<\/strong>\u00a0\u00a02 camas individuales, Ropa de cama, Armario\u00a0<br \/> <strong>Sala de Estar<\/strong><span>\u00a0<\/span>\u00a02 camas individuales, Ropa de cama, 1 sof\u00e1 cama, Zona de estar, TV de pantalla plana<br \/> <strong>Cocina<\/strong>\u00a0\u00a0Nevera, Microondas, Cocina, Hervidor el\u00e9ctrico, Utensilios de cocina, Tostadora, Cafetera, Productos de limpieza<\/p>\n<p><strong>Zona de Comedor<\/strong>\u00a0<span>\u00a0<\/span>Mesa de comedor, sillas<br \/> <strong>Bajo Petici\u00f3n<\/strong>\u00a0<span>\u00a0<\/span>\u00a0Equipo de planchado, Trona ni\u00f1os\u00a0<\/p>\n<p>[\/et_pb_text][et_pb_button button_url=&#8221;https:\/\/www.apartamentosplaza.com\/web\/index.php\/apartamento-superior\/&#8221; button_text=&#8221;M\u00e1s informaci\u00f3n&#8221; _builder_version=&#8221;3.0.100&#8243; custom_button=&#8221;on&#8221; button_bg_color=&#8221;#ffffff&#8221; button_font=&#8221;||||||||&#8221; box_shadow_style=&#8221;preset1&#8243; box_shadow_color=&#8221;rgba(0,0,0,0.77)&#8221;][\/et_pb_button][\/et_pb_column][et_pb_column type=&#8221;1_2&#8243; _builder_version=&#8221;3.0.47&#8243; parallax=&#8221;off&#8221; parallax_method=&#8221;on&#8221;][et_pb_image src=&#8221;https:\/\/www.apartamentosplaza.com\/web\/wp-content\/uploads\/2018\/05\/01ESTE-DSC_0413-3.jpg&#8221; align=&#8221;center&#8221; _builder_version=&#8221;3.0.100&#8243; animation_style=&#8221;fade&#8221; box_shadow_style=&#8221;preset2&#8243;][\/et_pb_image][\/et_pb_column][\/et_pb_row][\/et_pb_section][et_pb_section fb_built=&#8221;1&#8243; _builder_version=&#8221;3.0.47&#8243;][et_pb_row _builder_version=&#8221;3.0.47&#8243; background_size=&#8221;initial&#8221; background_position=&#8221;top_left&#8221; background_repeat=&#8221;repeat&#8221;][et_pb_column type=&#8221;1_2&#8243; _builder_version=&#8221;3.0.47&#8243; parallax=&#8221;off&#8221; parallax_method=&#8221;on&#8221;][et_pb_image src=&#8221;https:\/\/www.apartamentosplaza.com\/web\/wp-content\/uploads\/2018\/05\/01ESTE-DSC_0456-3.jpg&#8221; align=&#8221;center&#8221; _builder_version=&#8221;3.0.100&#8243; custom_padding=&#8221;|||&#8221; animation_style=&#8221;fade&#8221; box_shadow_style=&#8221;preset2&#8243;][\/et_pb_image][\/et_pb_column][et_pb_column type=&#8221;1_2&#8243; _builder_version=&#8221;3.0.47&#8243; parallax=&#8221;off&#8221; parallax_method=&#8221;on&#8221;][et_pb_text _builder_version=&#8221;3.0.100&#8243; custom_padding=&#8221;15px|15px|15px|15px&#8221;]<\/p>\n<h1><strong>Apartmento de 1 Dormitorio<\/strong><\/h1>\n<p><strong>Tama\u00f1o del Apartmento\u00a0 \u00a035 m\u00b2<span>\u00a0<\/span><\/strong><br \/> <strong>Ba\u00f1o Privado<\/strong>\u00a0\u00a0Ducha, Ba\u00f1era, Aseo, Bidet, Toallas, Secador de pelo, Art\u00edculos de aseo gratis, Papel higi\u00e9nico<br \/> <strong>Dormitorio<\/strong>\u00a0\u00a01 cama de Matrimonio, Ropa de cama, Armario\u00a0<br \/> <strong>Sala de Estar<\/strong><span>\u00a0<\/span>\u00a0Sof\u00e1, Zona de estar, TV de pantalla plana<br \/> <strong>Cocina<\/strong>\u00a0\u00a0Nevera, Microondas, Cocina, Hervidor el\u00e9ctrico, Utensilios de cocina, Tostadora, Cafetera, Productos de limpieza<\/p>\n<p><strong>Zona de Comedor<\/strong>\u00a0<span>\u00a0<\/span>Mesa de comedor, sillas<br \/> <strong>Bajo Petici\u00f3n<\/strong>\u00a0<span>\u00a0<\/span>\u00a0Equipo de planchado, Trona ni\u00f1os\u00a0<\/p>\n<p>[\/et_pb_text][et_pb_button button_url=&#8221;https:\/\/www.apartamentosplaza.com\/web\/index.php\/apartamento-de-1-dormitorio\/&#8221; button_text=&#8221;M\u00e1s informaci\u00f3n&#8221; _builder_version=&#8221;3.0.100&#8243; custom_button=&#8221;on&#8221; button_bg_color=&#8221;#ffffff&#8221; button_font=&#8221;||||||||&#8221; box_shadow_style=&#8221;preset1&#8243; box_shadow_color=&#8221;rgba(0,0,0,0.77)&#8221;][\/et_pb_button][\/et_pb_column][\/et_pb_row][\/et_pb_section][et_pb_section fb_built=&#8221;1&#8243; _builder_version=&#8221;3.0.100&#8243; background_image=&#8221;https:\/\/www.apartamentosplaza.com\/web\/wp-content\/uploads\/2018\/04\/fondolinea.png&#8221; background_size=&#8221;initial&#8221; background_repeat=&#8221;repeat-x&#8221;][et_pb_row _builder_version=&#8221;3.0.47&#8243; background_size=&#8221;initial&#8221; background_position=&#8221;top_left&#8221; background_repeat=&#8221;repeat&#8221;][et_pb_column type=&#8221;1_2&#8243; _builder_version=&#8221;3.0.47&#8243; parallax=&#8221;off&#8221; parallax_method=&#8221;on&#8221;][et_pb_text _builder_version=&#8221;3.0.100&#8243; text_font=&#8221;||||||||&#8221; header_font=&#8221;||||||||&#8221; background_color=&#8221;rgba(255,255,255,0.82)&#8221; custom_padding=&#8221;15px|15px|15px|15px&#8221;]<\/p>\n<h1><strong>Apartamento Estudio <\/strong><\/h1>\n<p><strong>Tama\u00f1o del Apartamento\u00a0 \u00a035 m\u00b2<span>\u00a0<\/span><\/strong><br \/> <strong>Ba\u00f1o Privado<\/strong>\u00a0\u00a0Ducha, Ba\u00f1era, Aseo, Bidet, Toallas, Secador de pelo, Art\u00edculos de aseo gratis, Papel higi\u00e9nico<br \/> <strong>Zona de Dormitorio<\/strong>\u00a0\u00a01 cama de matrimonio, 1 cama individual, Ropa de cama, Armario<br \/> <strong>Zona de Estar<\/strong><span>\u00a0<\/span>\u00a0Sof\u00e1, TV de pantalla plana<br \/> <strong>Cocina<\/strong>\u00a0\u00a0Nevera, Microondas, Cocina, Hervidor el\u00e9ctrico, Utensilios de cocina, Tostadora, Cafetera, Productos de limpieza<\/p>\n<p><strong>Zona de Comedor<\/strong>\u00a0<span>\u00a0<\/span>Mesa de comedor, sillas<br \/> <strong>Bajo Petici\u00f3n<\/strong>\u00a0<span>\u00a0<\/span>\u00a0Equipo de planchado, Trona ni\u00f1os\u00a0<\/p>\n<p>[\/et_pb_text][et_pb_button button_url=&#8221;https:\/\/www.apartamentosplaza.com\/web\/index.php\/apartamento-estudio\/&#8221; button_text=&#8221;M\u00e1s informaci\u00f3n&#8221; _builder_version=&#8221;3.0.100&#8243; custom_button=&#8221;on&#8221; button_bg_color=&#8221;#ffffff&#8221; button_font=&#8221;||||||||&#8221; box_shadow_style=&#8221;preset1&#8243; box_shadow_color=&#8221;rgba(0,0,0,0.77)&#8221;][\/et_pb_button][\/et_pb_column][et_pb_column type=&#8221;1_2&#8243; _builder_version=&#8221;3.0.47&#8243; parallax=&#8221;off&#8221; parallax_method=&#8221;on&#8221;][et_pb_image src=&#8221;https:\/\/www.apartamentosplaza.com\/web\/wp-content\/uploads\/2018\/05\/01ESTE-DSC_0472-3.jpg&#8221; align=&#8221;center&#8221; _builder_version=&#8221;3.0.100&#8243; animation_style=&#8221;fade&#8221; box_shadow_style=&#8221;preset2&#8243;][\/et_pb_image][\/et_pb_column][\/et_pb_row][\/et_pb_section][et_pb_section fb_built=&#8221;1&#8243; _builder_version=&#8221;3.0.47&#8243;][et_pb_row _builder_version=&#8221;3.0.47&#8243; background_size=&#8221;initial&#8221; background_position=&#8221;top_left&#8221; background_repeat=&#8221;repeat&#8221;][et_pb_column type=&#8221;1_2&#8243; _builder_version=&#8221;3.0.47&#8243; parallax=&#8221;off&#8221; parallax_method=&#8221;on&#8221;][et_pb_image src=&#8221;https:\/\/www.apartamentosplaza.com\/web\/wp-content\/uploads\/2018\/05\/1ESTE-1-IMG_7283mod-3.jpg&#8221; align=&#8221;center&#8221; _builder_version=&#8221;3.0.100&#8243; custom_padding=&#8221;|||&#8221; animation_style=&#8221;fade&#8221; box_shadow_style=&#8221;preset2&#8243;][\/et_pb_image][\/et_pb_column][et_pb_column type=&#8221;1_2&#8243; _builder_version=&#8221;3.0.47&#8243; parallax=&#8221;off&#8221; parallax_method=&#8221;on&#8221;][et_pb_text _builder_version=&#8221;3.0.100&#8243; custom_padding=&#8221;15px|15px|15px|15px&#8221;]<\/p>\n<h1><strong>Atico con Terraza<\/strong><\/h1>\n<p><strong>Tama\u00f1o del Apartamento\u00a0 \u00a035 m\u00b2<span>\u00a0<\/span><\/strong><\/p>\n<p><strong>Ba\u00f1o Privado<\/strong>\u00a0\u00a0Ducha, Ba\u00f1era, Aseo, Bidet, Toallas, Secador de pelo, Art\u00edculos de aseo gratis, Papel higi\u00e9nico<br \/> <strong>Zona de Dormitorio<\/strong>\u00a0\u00a01 cama de matrimonio, Ropa de cama, Armario<br \/> <strong>Zona de Estar<\/strong><span>\u00a0<\/span>\u00a0Sof\u00e1, TV de pantalla plana<br \/> <strong>Cocina<\/strong>\u00a0\u00a0Nevera, Microondas, Cocina, Hervidor el\u00e9ctrico, Utensilios de cocina, Tostadora, Cafetera, Productos de limpieza<\/p>\n<p><strong>Zona de Comedor<\/strong>\u00a0<span>\u00a0<\/span>Mesa de comedor, sillas<br \/> <strong>Bajo Petici\u00f3n<\/strong>\u00a0<span>\u00a0<\/span>\u00a0Equipo de planchado, Trona ni\u00f1os\u00a0<\/p>\n<p>[\/et_pb_text][et_pb_button button_url=&#8221;https:\/\/www.apartamentosplaza.com\/web\/index.php\/atico-con-terraza\/&#8221; button_text=&#8221;M\u00e1s informaci\u00f3n&#8221; _builder_version=&#8221;3.0.100&#8243; custom_button=&#8221;on&#8221; button_bg_color=&#8221;#ffffff&#8221; button_font=&#8221;||||||||&#8221; box_shadow_style=&#8221;preset1&#8243; box_shadow_color=&#8221;rgba(0,0,0,0.77)&#8221;][\/et_pb_button][\/et_pb_column][\/et_pb_row][\/et_pb_section][et_pb_section fb_built=&#8221;1&#8243; _builder_version=&#8221;3.0.100&#8243; background_image=&#8221;https:\/\/www.apartamentosplaza.com\/web\/wp-content\/uploads\/2018\/04\/fondolinea.png&#8221; background_size=&#8221;initial&#8221; background_repeat=&#8221;repeat-x&#8221;][et_pb_row _builder_version=&#8221;3.0.47&#8243; background_size=&#8221;initial&#8221; background_position=&#8221;top_left&#8221; background_repeat=&#8221;repeat&#8221;][et_pb_column type=&#8221;1_2&#8243; _builder_version=&#8221;3.0.47&#8243; parallax=&#8221;off&#8221; parallax_method=&#8221;on&#8221;][et_pb_text _builder_version=&#8221;3.0.100&#8243; text_font=&#8221;||||||||&#8221; header_font=&#8221;||||||||&#8221; background_color=&#8221;rgba(255,255,255,0.82)&#8221; custom_padding=&#8221;15px|15px|15px|15px&#8221;]<\/p>\n<h1><strong>Estudio Est\u00e1ndar<\/strong><\/h1>\n<p><strong>Tama\u00f1o del Apartamento\u00a0 \u00a025 m\u00b2<span>\u00a0<\/span><\/strong><\/p>\n<p>\u00a0&#8211;\u00a0<u>Preparado personas de movilidad reducida<\/u><br \/> <strong>Ba\u00f1o Privado<\/strong>\u00a0\u00a0Ducha, Aseo, Bidet, Toallas, Secador de pelo, Art\u00edculos de aseo gratis, Papel higi\u00e9nico<br \/> <strong>Zona de Dormitorio<\/strong>\u00a0\u00a02 camas individuales, Ropa de cama, Armario<br \/> <strong>Zona de Estar<\/strong><span>\u00a0<\/span>\u00a0Sof\u00e1, TV de pantalla plana<br \/> <strong>Cocina<\/strong>\u00a0\u00a0Nevera, Microondas, Cocina, Hervidor el\u00e9ctrico, Utensilios de cocina, Tostadora, Cafetera, Productos de limpieza<\/p>\n<p><strong>Zona de Comedor<\/strong>\u00a0<span>\u00a0<\/span>Mesa de comedor, sillas<br \/> <strong>Bajo Petici\u00f3n<\/strong>\u00a0<span>\u00a0<\/span>\u00a0Equipo de planchado, Trona ni\u00f1os\u00a0<\/p>\n<p>[\/et_pb_text][et_pb_button button_url=&#8221;https:\/\/www.apartamentosplaza.com\/web\/index.php\/estudio-estandar\/&#8221; button_text=&#8221;M\u00e1s informaci\u00f3n&#8221; _builder_version=&#8221;3.0.100&#8243; custom_button=&#8221;on&#8221; button_bg_color=&#8221;#ffffff&#8221; button_font=&#8221;||||||||&#8221; box_shadow_style=&#8221;preset1&#8243; box_shadow_color=&#8221;rgba(0,0,0,0.77)&#8221;][\/et_pb_button][\/et_pb_column][et_pb_column type=&#8221;1_2&#8243; _builder_version=&#8221;3.0.47&#8243; parallax=&#8221;off&#8221; parallax_method=&#8221;on&#8221;][et_pb_image src=&#8221;https:\/\/www.apartamentosplaza.com\/web\/wp-content\/uploads\/2018\/05\/1ESTE-IMG_7186-3.jpg&#8221; align=&#8221;center&#8221; _builder_version=&#8221;3.0.100&#8243; animation_style=&#8221;fade&#8221; box_shadow_style=&#8221;preset2&#8243;][\/et_pb_image][\/et_pb_column][\/et_pb_row][\/et_pb_section][et_pb_section fb_built=&#8221;1&#8243; _builder_version=&#8221;3.0.47&#8243;][et_pb_row _builder_version=&#8221;3.0.47&#8243; background_size=&#8221;initial&#8221; background_position=&#8221;top_left&#8221; background_repeat=&#8221;repeat&#8221;][et_pb_column type=&#8221;1_2&#8243; _builder_version=&#8221;3.0.47&#8243; parallax=&#8221;off&#8221; parallax_method=&#8221;on&#8221;][et_pb_image src=&#8221;https:\/\/www.apartamentosplaza.com\/web\/wp-content\/uploads\/2018\/05\/1ESTE-DSC_0352-3.jpg&#8221; align=&#8221;center&#8221; _builder_version=&#8221;3.0.100&#8243; custom_padding=&#8221;|||&#8221; animation_style=&#8221;fade&#8221; box_shadow_style=&#8221;preset2&#8243;][\/et_pb_image][\/et_pb_column][et_pb_column type=&#8221;1_2&#8243; _builder_version=&#8221;3.0.47&#8243; parallax=&#8221;off&#8221; parallax_method=&#8221;on&#8221;][et_pb_text _builder_version=&#8221;3.0.100&#8243; custom_padding=&#8221;15px|15px|15px|15px&#8221;]<\/p>\n<h1><strong>Habitaci\u00f3n Triple Delux<\/strong><\/h1>\n<p><strong>Tama\u00f1o del Apartmento\u00a0 \u00a040 m\u00b2<span>\u00a0<\/span><\/strong><\/p>\n<p>&#8211;\u00a0<u>No dispone de Cocina<\/u><br \/> <strong>Ba\u00f1o Privado<\/strong>\u00a0\u00a0Ducha, Aseo, Bidet, Toallas, Secador de pelo, Art\u00edculos de aseo gratis, Papel higi\u00e9nico<br \/> <strong>Habitaci\u00f3n<\/strong>\u00a0\u00a02 camas individuales grandes,1 cama individual est\u00e1ndar, Ropa de cama, Armario\u00a0<br \/> <strong>Zone de Estar<\/strong><span>\u00a0<\/span>\u00a0Sof\u00e1 y sillones, TV de pantalla plana<br \/> <strong>Bajo Petici\u00f3n<\/strong>\u00a0<span>\u00a0<\/span>\u00a0Equipo de planchado, Trona ni\u00f1os\u00a0<\/p>\n<p>[\/et_pb_text][et_pb_button button_url=&#8221;https:\/\/www.apartamentosplaza.com\/web\/index.php\/habitacion-triple-delux\/&#8221; button_text=&#8221;M\u00e1s informaci\u00f3n&#8221; _builder_version=&#8221;3.0.100&#8243; custom_button=&#8221;on&#8221; button_bg_color=&#8221;#ffffff&#8221; button_font=&#8221;||||||||&#8221; box_shadow_style=&#8221;preset1&#8243; box_shadow_color=&#8221;rgba(0,0,0,0.77)&#8221;][\/et_pb_button][\/et_pb_column][\/et_pb_row][\/et_pb_section]<\/p>\n","protected":false},"excerpt":{"rendered":"<p>Estudio Loft Tama\u00f1o del Apartmento\u00a0 \u00a065 m\u00b2\u00a0 Ba\u00f1o Privado\u00a0\u00a0Ducha, Ba\u00f1era, Aseo, Bidet, Toallas, Secador de pelo, Art\u00edculos de aseo gratis, Papel higi\u00e9nico Zona de Dormitorio\u00a0\u00a01 cama de matrimonio, 2 camas individuales, Ropa de cama, Armario, Sillones Zona de Estar\u00a0\u00a01 sof\u00e1 cama individual, sof\u00e1, TV de pantalla plana Cocina\u00a0\u00a0Nevera, Microondas, Cocina, Hervidor el\u00e9ctrico, Utensilios de cocina, [&hellip;]<\/p>\n","protected":false},"author":1,"featured_media":0,"parent":0,"menu_order":0,"comment_status":"closed","ping_status":"closed","template":"","meta":{"_et_pb_use_builder":"on","_et_pb_old_content":"","_et_gb_content_width":"","footnotes":""},"class_list":["post-104","page","type-page","status-publish","hentry"],"yoast_head":"<!-- This site is optimized with the Yoast SEO plugin v27.4 - https:\/\/yoast.com\/product\/yoast-seo-wordpress\/ -->\n<title>APARTAMENTOS - Apartamentos Plaza<\/title>\n<meta name=\"robots\" content=\"index, follow, max-snippet:-1, max-image-preview:large, max-video-preview:-1\" \/>\n<link rel=\"canonical\" href=\"https:\/\/apartamentosplaza.com\/web\/index.php\/apartamentos\/\" \/>\n<meta property=\"og:locale\" content=\"en_US\" \/>\n<meta property=\"og:type\" content=\"article\" \/>\n<meta property=\"og:title\" content=\"APARTAMENTOS - Apartamentos Plaza\" \/>\n<meta property=\"og:description\" content=\"Estudio Loft Tama\u00f1o del Apartmento\u00a0 \u00a065 m\u00b2\u00a0 Ba\u00f1o Privado\u00a0\u00a0Ducha, Ba\u00f1era, Aseo, Bidet, Toallas, Secador de pelo, Art\u00edculos de aseo gratis, Papel higi\u00e9nico Zona de Dormitorio\u00a0\u00a01 cama de matrimonio, 2 camas individuales, Ropa de cama, Armario, Sillones Zona de Estar\u00a0\u00a01 sof\u00e1 cama individual, sof\u00e1, TV de pantalla plana Cocina\u00a0\u00a0Nevera, Microondas, Cocina, Hervidor el\u00e9ctrico, Utensilios de cocina, [&hellip;]\" \/>\n<meta property=\"og:url\" content=\"https:\/\/apartamentosplaza.com\/web\/index.php\/apartamentos\/\" \/>\n<meta property=\"og:site_name\" content=\"Apartamentos Plaza\" \/>\n<meta property=\"article:publisher\" content=\"https:\/\/www.facebook.com\/apartamentosplazacordoba\/\" \/>\n<meta property=\"article:modified_time\" content=\"2018-05-01T14:52:10+00:00\" \/>\n<meta name=\"twitter:card\" content=\"summary_large_image\" \/>\n<meta name=\"twitter:label1\" content=\"Est. reading time\" \/>\n\t<meta name=\"twitter:data1\" content=\"8 minutes\" \/>\n<script type=\"application\/ld+json\" class=\"yoast-schema-graph\">{\"@context\":\"https:\\\/\\\/schema.org\",\"@graph\":[{\"@type\":\"WebPage\",\"@id\":\"https:\\\/\\\/apartamentosplaza.com\\\/web\\\/index.php\\\/apartamentos\\\/\",\"url\":\"https:\\\/\\\/apartamentosplaza.com\\\/web\\\/index.php\\\/apartamentos\\\/\",\"name\":\"APARTAMENTOS - Apartamentos Plaza\",\"isPartOf\":{\"@id\":\"https:\\\/\\\/apartamentosplaza.com\\\/web\\\/#website\"},\"datePublished\":\"2017-07-20T12:45:25+00:00\",\"dateModified\":\"2018-05-01T14:52:10+00:00\",\"breadcrumb\":{\"@id\":\"https:\\\/\\\/apartamentosplaza.com\\\/web\\\/index.php\\\/apartamentos\\\/#breadcrumb\"},\"inLanguage\":\"en-US\",\"potentialAction\":[{\"@type\":\"ReadAction\",\"target\":[\"https:\\\/\\\/apartamentosplaza.com\\\/web\\\/index.php\\\/apartamentos\\\/\"]}]},{\"@type\":\"BreadcrumbList\",\"@id\":\"https:\\\/\\\/apartamentosplaza.com\\\/web\\\/index.php\\\/apartamentos\\\/#breadcrumb\",\"itemListElement\":[{\"@type\":\"ListItem\",\"position\":1,\"name\":\"Portada\",\"item\":\"https:\\\/\\\/apartamentosplaza.com\\\/web\\\/\"},{\"@type\":\"ListItem\",\"position\":2,\"name\":\"APARTAMENTOS\"}]},{\"@type\":\"WebSite\",\"@id\":\"https:\\\/\\\/apartamentosplaza.com\\\/web\\\/#website\",\"url\":\"https:\\\/\\\/apartamentosplaza.com\\\/web\\\/\",\"name\":\"Apartamentos Plaza\",\"description\":\"Apartamentos Plaza en C\u00f3rdoba\",\"publisher\":{\"@id\":\"https:\\\/\\\/apartamentosplaza.com\\\/web\\\/#organization\"},\"potentialAction\":[{\"@type\":\"SearchAction\",\"target\":{\"@type\":\"EntryPoint\",\"urlTemplate\":\"https:\\\/\\\/apartamentosplaza.com\\\/web\\\/?s={search_term_string}\"},\"query-input\":{\"@type\":\"PropertyValueSpecification\",\"valueRequired\":true,\"valueName\":\"search_term_string\"}}],\"inLanguage\":\"en-US\"},{\"@type\":\"Organization\",\"@id\":\"https:\\\/\\\/apartamentosplaza.com\\\/web\\\/#organization\",\"name\":\"Apartamentos tur\u00edsticos Plaza\",\"url\":\"https:\\\/\\\/apartamentosplaza.com\\\/web\\\/\",\"logo\":{\"@type\":\"ImageObject\",\"inLanguage\":\"en-US\",\"@id\":\"https:\\\/\\\/apartamentosplaza.com\\\/web\\\/#\\\/schema\\\/logo\\\/image\\\/\",\"url\":\"https:\\\/\\\/i1.wp.com\\\/www.apartamentosplaza.com\\\/web\\\/wp-content\\\/uploads\\\/2018\\\/03\\\/logo_plaza_fondo_blanco.png?fit=250%2C250&ssl=1\",\"contentUrl\":\"https:\\\/\\\/i1.wp.com\\\/www.apartamentosplaza.com\\\/web\\\/wp-content\\\/uploads\\\/2018\\\/03\\\/logo_plaza_fondo_blanco.png?fit=250%2C250&ssl=1\",\"width\":250,\"height\":250,\"caption\":\"Apartamentos tur\u00edsticos Plaza\"},\"image\":{\"@id\":\"https:\\\/\\\/apartamentosplaza.com\\\/web\\\/#\\\/schema\\\/logo\\\/image\\\/\"},\"sameAs\":[\"https:\\\/\\\/www.facebook.com\\\/apartamentosplazacordoba\\\/\",\"https:\\\/\\\/www.instagram.com\\\/apartamentosplazacordoba\\\/\"]}]}<\/script>\n<!-- \/ Yoast SEO plugin. -->","yoast_head_json":{"title":"APARTAMENTOS - Apartamentos Plaza","robots":{"index":"index","follow":"follow","max-snippet":"max-snippet:-1","max-image-preview":"max-image-preview:large","max-video-preview":"max-video-preview:-1"},"canonical":"https:\/\/apartamentosplaza.com\/web\/index.php\/apartamentos\/","og_locale":"en_US","og_type":"article","og_title":"APARTAMENTOS - Apartamentos Plaza","og_description":"Estudio Loft Tama\u00f1o del Apartmento\u00a0 \u00a065 m\u00b2\u00a0 Ba\u00f1o Privado\u00a0\u00a0Ducha, Ba\u00f1era, Aseo, Bidet, Toallas, Secador de pelo, Art\u00edculos de aseo gratis, Papel higi\u00e9nico Zona de Dormitorio\u00a0\u00a01 cama de matrimonio, 2 camas individuales, Ropa de cama, Armario, Sillones Zona de Estar\u00a0\u00a01 sof\u00e1 cama individual, sof\u00e1, TV de pantalla plana Cocina\u00a0\u00a0Nevera, Microondas, Cocina, Hervidor el\u00e9ctrico, Utensilios de cocina, [&hellip;]","og_url":"https:\/\/apartamentosplaza.com\/web\/index.php\/apartamentos\/","og_site_name":"Apartamentos Plaza","article_publisher":"https:\/\/www.facebook.com\/apartamentosplazacordoba\/","article_modified_time":"2018-05-01T14:52:10+00:00","twitter_card":"summary_large_image","twitter_misc":{"Est. reading time":"8 minutes"},"schema":{"@context":"https:\/\/schema.org","@graph":[{"@type":"WebPage","@id":"https:\/\/apartamentosplaza.com\/web\/index.php\/apartamentos\/","url":"https:\/\/apartamentosplaza.com\/web\/index.php\/apartamentos\/","name":"APARTAMENTOS - Apartamentos Plaza","isPartOf":{"@id":"https:\/\/apartamentosplaza.com\/web\/#website"},"datePublished":"2017-07-20T12:45:25+00:00","dateModified":"2018-05-01T14:52:10+00:00","breadcrumb":{"@id":"https:\/\/apartamentosplaza.com\/web\/index.php\/apartamentos\/#breadcrumb"},"inLanguage":"en-US","potentialAction":[{"@type":"ReadAction","target":["https:\/\/apartamentosplaza.com\/web\/index.php\/apartamentos\/"]}]},{"@type":"BreadcrumbList","@id":"https:\/\/apartamentosplaza.com\/web\/index.php\/apartamentos\/#breadcrumb","itemListElement":[{"@type":"ListItem","position":1,"name":"Portada","item":"https:\/\/apartamentosplaza.com\/web\/"},{"@type":"ListItem","position":2,"name":"APARTAMENTOS"}]},{"@type":"WebSite","@id":"https:\/\/apartamentosplaza.com\/web\/#website","url":"https:\/\/apartamentosplaza.com\/web\/","name":"Apartamentos Plaza","description":"Apartamentos Plaza en C\u00f3rdoba","publisher":{"@id":"https:\/\/apartamentosplaza.com\/web\/#organization"},"potentialAction":[{"@type":"SearchAction","target":{"@type":"EntryPoint","urlTemplate":"https:\/\/apartamentosplaza.com\/web\/?s={search_term_string}"},"query-input":{"@type":"PropertyValueSpecification","valueRequired":true,"valueName":"search_term_string"}}],"inLanguage":"en-US"},{"@type":"Organization","@id":"https:\/\/apartamentosplaza.com\/web\/#organization","name":"Apartamentos tur\u00edsticos Plaza","url":"https:\/\/apartamentosplaza.com\/web\/","logo":{"@type":"ImageObject","inLanguage":"en-US","@id":"https:\/\/apartamentosplaza.com\/web\/#\/schema\/logo\/image\/","url":"https:\/\/i1.wp.com\/www.apartamentosplaza.com\/web\/wp-content\/uploads\/2018\/03\/logo_plaza_fondo_blanco.png?fit=250%2C250&ssl=1","contentUrl":"https:\/\/i1.wp.com\/www.apartamentosplaza.com\/web\/wp-content\/uploads\/2018\/03\/logo_plaza_fondo_blanco.png?fit=250%2C250&ssl=1","width":250,"height":250,"caption":"Apartamentos tur\u00edsticos Plaza"},"image":{"@id":"https:\/\/apartamentosplaza.com\/web\/#\/schema\/logo\/image\/"},"sameAs":["https:\/\/www.facebook.com\/apartamentosplazacordoba\/","https:\/\/www.instagram.com\/apartamentosplazacordoba\/"]}]}},"_links":{"self":[{"href":"https:\/\/apartamentosplaza.com\/web\/index.php\/wp-json\/wp\/v2\/pages\/104","targetHints":{"allow":["GET"]}}],"collection":[{"href":"https:\/\/apartamentosplaza.com\/web\/index.php\/wp-json\/wp\/v2\/pages"}],"about":[{"href":"https:\/\/apartamentosplaza.com\/web\/index.php\/wp-json\/wp\/v2\/types\/page"}],"author":[{"embeddable":true,"href":"https:\/\/apartamentosplaza.com\/web\/index.php\/wp-json\/wp\/v2\/users\/1"}],"replies":[{"embeddable":true,"href":"https:\/\/apartamentosplaza.com\/web\/index.php\/wp-json\/wp\/v2\/comments?post=104"}],"version-history":[{"count":24,"href":"https:\/\/apartamentosplaza.com\/web\/index.php\/wp-json\/wp\/v2\/pages\/104\/revisions"}],"predecessor-version":[{"id":987,"href":"https:\/\/apartamentosplaza.com\/web\/index.php\/wp-json\/wp\/v2\/pages\/104\/revisions\/987"}],"wp:attachment":[{"href":"https:\/\/apartamentosplaza.com\/web\/index.php\/wp-json\/wp\/v2\/media?parent=104"}],"curies":[{"name":"wp","href":"https:\/\/api.w.org\/{rel}","templated":true}]}}