{"id":100,"date":"2017-07-20T12:45:00","date_gmt":"2017-07-20T12:45:00","guid":{"rendered":"http:\/\/www.apartamentosplaza.com\/web\/?page_id=100"},"modified":"2019-08-07T08:31:38","modified_gmt":"2019-08-07T08:31:38","slug":"recursos","status":"publish","type":"page","link":"https:\/\/apartamentosplaza.com\/web\/index.php\/recursos\/","title":{"rendered":"RECURSOS"},"content":{"rendered":"<p>[et_pb_section fb_built=&#8221;1&#8243; _builder_version=&#8221;3.22&#8243;][et_pb_row module_class=&#8221; et_pb_row_fullwidth&#8221; _builder_version=&#8221;3.25&#8243; background_color=&#8221;rgba(0,0,0,0.09)&#8221; background_size=&#8221;initial&#8221; background_position=&#8221;top_left&#8221; background_repeat=&#8221;repeat&#8221; width=&#8221;89%&#8221; width_tablet=&#8221;80%&#8221; width_last_edited=&#8221;on|desktop&#8221; max_width=&#8221;89%&#8221; max_width_tablet=&#8221;80%&#8221; max_width_last_edited=&#8221;on|desktop&#8221; custom_padding=&#8221;23px|15px|13px|15px||&#8221; make_fullwidth=&#8221;on&#8221;][et_pb_column type=&#8221;4_4&#8243; _builder_version=&#8221;3.25&#8243; custom_padding=&#8221;|||&#8221; custom_padding__hover=&#8221;|||&#8221;][et_pb_text _builder_version=&#8221;3.26.3&#8243; text_font=&#8221;||||||||&#8221; header_font=&#8221;||||||||&#8221; header_font_size=&#8221;25px&#8221; background_image=&#8221;https:\/\/www.apartamentosplaza.com\/web\/wp-content\/uploads\/2018\/04\/fondo3.png&#8221; background_size=&#8221;initial&#8221; background_repeat=&#8221;repeat-x&#8221; module_alignment=&#8221;center&#8221; custom_margin=&#8221;3px||-3px|||&#8221; custom_padding=&#8221;20px|||||&#8221;]<\/p>\n<p><a name=\"fechas\"><\/a><\/p>\n<h1 style=\"text-align: center;\"><span size=\"5\" style=\"font-size: x-large;\">EVENTOS DISPONIBLES<\/span><\/h1>\n<p>[\/et_pb_text][\/et_pb_column][\/et_pb_row][et_pb_row column_structure=&#8221;1_2,1_2&#8243; module_class=&#8221; et_pb_row_fullwidth&#8221; _builder_version=&#8221;3.25&#8243; background_color=&#8221;rgba(0,0,0,0.09)&#8221; background_size=&#8221;initial&#8221; background_position=&#8221;top_left&#8221; background_repeat=&#8221;repeat&#8221; width=&#8221;89%&#8221; width_tablet=&#8221;80%&#8221; width_last_edited=&#8221;on|desktop&#8221; max_width=&#8221;89%&#8221; max_width_tablet=&#8221;80%&#8221; max_width_last_edited=&#8221;on|desktop&#8221; custom_padding=&#8221;23px|15px|37px|15px&#8221; make_fullwidth=&#8221;on&#8221;][et_pb_column type=&#8221;1_2&#8243; _builder_version=&#8221;3.25&#8243; custom_padding=&#8221;|||&#8221; custom_padding__hover=&#8221;|||&#8221;][et_pb_image src=&#8221;https:\/\/www.apartamentosplaza.com\/web\/wp-content\/uploads\/2019\/08\/Horarios-generales1-3.png&#8221; show_in_lightbox=&#8221;on&#8221; use_overlay=&#8221;on&#8221; overlay_icon_color=&#8221;#ffffff&#8221; hover_overlay_color=&#8221;rgba(255,255,255,0.1)&#8221; align_tablet=&#8221;center&#8221; align_last_edited=&#8221;on|desktop&#8221; _builder_version=&#8221;3.26.6&#8243; box_shadow_style=&#8221;preset1&#8243; box_shadow_vertical=&#8221;0px&#8221; box_shadow_blur=&#8221;100px&#8221; box_shadow_spread=&#8221;50px&#8221; box_shadow_color=&#8221;rgba(0,0,0,0.8)&#8221; custom_margin=&#8221;|||&#8221; custom_margin_tablet=&#8221;0px|||0px&#8221; custom_margin_last_edited=&#8221;on|desktop&#8221; animation_style=&#8221;zoom&#8221; animation_intensity_zoom=&#8221;20%&#8221; locked=&#8221;off&#8221; custom_margin__hover_enabled=&#8221;on&#8221; custom_margin__hover=&#8221;-20px|||&#8221;][\/et_pb_image][\/et_pb_column][et_pb_column type=&#8221;1_2&#8243; _builder_version=&#8221;3.25&#8243; custom_padding=&#8221;|||&#8221; custom_padding__hover=&#8221;|||&#8221;][et_pb_image src=&#8221;https:\/\/www.apartamentosplaza.com\/web\/wp-content\/uploads\/2019\/08\/Horarios-generales2-1.png&#8221; show_in_lightbox=&#8221;on&#8221; use_overlay=&#8221;on&#8221; overlay_icon_color=&#8221;#ffffff&#8221; hover_overlay_color=&#8221;rgba(255,255,255,0.1)&#8221; align_tablet=&#8221;center&#8221; align_last_edited=&#8221;on|desktop&#8221; _builder_version=&#8221;3.26.6&#8243; box_shadow_style=&#8221;preset1&#8243; box_shadow_vertical=&#8221;0px&#8221; box_shadow_blur=&#8221;100px&#8221; box_shadow_spread=&#8221;50px&#8221; box_shadow_color=&#8221;rgba(0,0,0,0.8)&#8221; custom_margin=&#8221;|||&#8221; custom_margin_tablet=&#8221;0px|||0px&#8221; custom_margin_last_edited=&#8221;on|desktop&#8221; animation_style=&#8221;zoom&#8221; animation_intensity_zoom=&#8221;20%&#8221; locked=&#8221;off&#8221; custom_margin__hover_enabled=&#8221;on&#8221; custom_margin__hover=&#8221;-20px|||&#8221;][\/et_pb_image][\/et_pb_column][\/et_pb_row][et_pb_row column_structure=&#8221;1_4,1_4,1_4,1_4&#8243; _builder_version=&#8221;3.26.6&#8243; background_color=&#8221;rgba(0,0,0,0.09)&#8221; width=&#8221;89%&#8221; max_width=&#8221;1570px&#8221; module_alignment=&#8221;center&#8221; custom_margin=&#8221;||||false|false&#8221; custom_padding=&#8221;|15px||15px|false|false&#8221;][et_pb_column type=&#8221;1_4&#8243; _builder_version=&#8221;3.26.6&#8243;][et_pb_image src=&#8221;https:\/\/www.apartamentosplaza.com\/web\/wp-content\/uploads\/2019\/08\/raices-en-el-jardin.png&#8221; show_in_lightbox=&#8221;on&#8221; use_overlay=&#8221;on&#8221; overlay_icon_color=&#8221;#ffffff&#8221; hover_overlay_color=&#8221;rgba(255,255,255,0.1)&#8221; align_tablet=&#8221;center&#8221; align_last_edited=&#8221;on|desktop&#8221; _builder_version=&#8221;3.26.6&#8243; box_shadow_style=&#8221;preset1&#8243; box_shadow_vertical=&#8221;0px&#8221; box_shadow_blur=&#8221;100px&#8221; box_shadow_spread=&#8221;50px&#8221; box_shadow_color=&#8221;rgba(0,0,0,0.8)&#8221; custom_margin=&#8221;|||&#8221; custom_margin_tablet=&#8221;0px|||0px&#8221; custom_margin_last_edited=&#8221;on|desktop&#8221; animation_style=&#8221;zoom&#8221; animation_intensity_zoom=&#8221;20%&#8221; locked=&#8221;off&#8221; custom_margin__hover_enabled=&#8221;on&#8221; custom_margin__hover=&#8221;-20px|||&#8221;][\/et_pb_image][\/et_pb_column][et_pb_column type=&#8221;1_4&#8243; _builder_version=&#8221;3.26.6&#8243;][et_pb_image src=&#8221;https:\/\/www.apartamentosplaza.com\/web\/wp-content\/uploads\/2019\/08\/verano-villares.jpeg&#8221; show_in_lightbox=&#8221;on&#8221; use_overlay=&#8221;on&#8221; overlay_icon_color=&#8221;#ffffff&#8221; hover_overlay_color=&#8221;rgba(255,255,255,0.1)&#8221; align_tablet=&#8221;center&#8221; align_last_edited=&#8221;on|desktop&#8221; _builder_version=&#8221;3.26.6&#8243; box_shadow_style=&#8221;preset1&#8243; box_shadow_vertical=&#8221;0px&#8221; box_shadow_blur=&#8221;100px&#8221; box_shadow_spread=&#8221;50px&#8221; box_shadow_color=&#8221;rgba(0,0,0,0.8)&#8221; custom_margin=&#8221;|||&#8221; custom_margin_tablet=&#8221;0px|||0px&#8221; custom_margin_last_edited=&#8221;on|desktop&#8221; animation_style=&#8221;zoom&#8221; animation_intensity_zoom=&#8221;20%&#8221; locked=&#8221;off&#8221; custom_margin__hover_enabled=&#8221;on&#8221; custom_margin__hover=&#8221;-20px|||&#8221;][\/et_pb_image][\/et_pb_column][et_pb_column type=&#8221;1_4&#8243; _builder_version=&#8221;3.26.6&#8243;][et_pb_image src=&#8221;https:\/\/www.apartamentosplaza.com\/web\/wp-content\/uploads\/2019\/08\/mago.jpeg&#8221; show_in_lightbox=&#8221;on&#8221; use_overlay=&#8221;on&#8221; overlay_icon_color=&#8221;#ffffff&#8221; hover_overlay_color=&#8221;rgba(255,255,255,0.1)&#8221; align_tablet=&#8221;center&#8221; align_last_edited=&#8221;on|desktop&#8221; _builder_version=&#8221;3.26.6&#8243; box_shadow_style=&#8221;preset1&#8243; box_shadow_vertical=&#8221;0px&#8221; box_shadow_blur=&#8221;100px&#8221; box_shadow_spread=&#8221;50px&#8221; box_shadow_color=&#8221;rgba(0,0,0,0.8)&#8221; custom_margin=&#8221;|||&#8221; custom_margin_tablet=&#8221;0px|||0px&#8221; custom_margin_last_edited=&#8221;on|desktop&#8221; animation_style=&#8221;zoom&#8221; animation_intensity_zoom=&#8221;20%&#8221; locked=&#8221;off&#8221; custom_margin__hover_enabled=&#8221;on&#8221; custom_margin__hover=&#8221;-20px|||&#8221;][\/et_pb_image][\/et_pb_column][et_pb_column type=&#8221;1_4&#8243; _builder_version=&#8221;3.26.6&#8243;][et_pb_image src=&#8221;https:\/\/www.apartamentosplaza.com\/web\/wp-content\/uploads\/2019\/08\/conciertos-en-terraza.jpeg&#8221; show_in_lightbox=&#8221;on&#8221; use_overlay=&#8221;on&#8221; overlay_icon_color=&#8221;#ffffff&#8221; hover_overlay_color=&#8221;rgba(255,255,255,0.1)&#8221; align_tablet=&#8221;center&#8221; align_last_edited=&#8221;on|desktop&#8221; _builder_version=&#8221;3.26.6&#8243; box_shadow_style=&#8221;preset1&#8243; box_shadow_vertical=&#8221;0px&#8221; box_shadow_blur=&#8221;100px&#8221; box_shadow_spread=&#8221;50px&#8221; box_shadow_color=&#8221;rgba(0,0,0,0.8)&#8221; custom_margin=&#8221;|||&#8221; custom_margin_tablet=&#8221;0px|||0px&#8221; custom_margin_last_edited=&#8221;on|desktop&#8221; animation_style=&#8221;zoom&#8221; animation_intensity_zoom=&#8221;20%&#8221; locked=&#8221;off&#8221; custom_margin__hover_enabled=&#8221;on&#8221; custom_margin__hover=&#8221;-20px|||&#8221;][\/et_pb_image][\/et_pb_column][\/et_pb_row][et_pb_row column_structure=&#8221;1_4,1_4,1_4,1_4&#8243; _builder_version=&#8221;3.26.6&#8243; background_color=&#8221;rgba(0,0,0,0.09)&#8221; width=&#8221;89%&#8221; max_width=&#8221;1570px&#8221; module_alignment=&#8221;center&#8221; custom_padding=&#8221;|15px||15px|false|false&#8221;][et_pb_column type=&#8221;1_4&#8243; _builder_version=&#8221;3.26.6&#8243;][et_pb_image src=&#8221;https:\/\/www.apartamentosplaza.com\/web\/wp-content\/uploads\/2019\/08\/conciertos-sentidos.jpeg&#8221; show_in_lightbox=&#8221;on&#8221; use_overlay=&#8221;on&#8221; overlay_icon_color=&#8221;#ffffff&#8221; hover_overlay_color=&#8221;rgba(255,255,255,0.1)&#8221; align_tablet=&#8221;center&#8221; align_last_edited=&#8221;on|desktop&#8221; _builder_version=&#8221;3.26.6&#8243; box_shadow_style=&#8221;preset1&#8243; box_shadow_vertical=&#8221;0px&#8221; box_shadow_blur=&#8221;100px&#8221; box_shadow_spread=&#8221;50px&#8221; box_shadow_color=&#8221;rgba(0,0,0,0.8)&#8221; custom_margin=&#8221;|||&#8221; custom_margin_tablet=&#8221;0px|||0px&#8221; custom_margin_last_edited=&#8221;on|desktop&#8221; animation_style=&#8221;zoom&#8221; animation_intensity_zoom=&#8221;20%&#8221; locked=&#8221;off&#8221; custom_margin__hover_enabled=&#8221;on&#8221; custom_margin__hover=&#8221;-20px|||&#8221;][\/et_pb_image][\/et_pb_column][et_pb_column type=&#8221;1_4&#8243; _builder_version=&#8221;3.26.6&#8243;][et_pb_image src=&#8221;https:\/\/www.apartamentosplaza.com\/web\/wp-content\/uploads\/2019\/08\/noches-ermita.jpeg&#8221; show_in_lightbox=&#8221;on&#8221; use_overlay=&#8221;on&#8221; overlay_icon_color=&#8221;#ffffff&#8221; hover_overlay_color=&#8221;rgba(255,255,255,0.1)&#8221; align_tablet=&#8221;center&#8221; align_last_edited=&#8221;on|desktop&#8221; _builder_version=&#8221;3.26.6&#8243; box_shadow_style=&#8221;preset1&#8243; box_shadow_vertical=&#8221;0px&#8221; box_shadow_blur=&#8221;100px&#8221; box_shadow_spread=&#8221;50px&#8221; box_shadow_color=&#8221;rgba(0,0,0,0.8)&#8221; custom_margin=&#8221;|||&#8221; custom_margin_tablet=&#8221;0px|||0px&#8221; custom_margin_last_edited=&#8221;on|desktop&#8221; animation_style=&#8221;zoom&#8221; animation_intensity_zoom=&#8221;20%&#8221; locked=&#8221;off&#8221; custom_margin__hover_enabled=&#8221;on&#8221; custom_margin__hover=&#8221;-20px|||&#8221;][\/et_pb_image][\/et_pb_column][et_pb_column type=&#8221;1_4&#8243; _builder_version=&#8221;3.26.6&#8243;][\/et_pb_column][et_pb_column type=&#8221;1_4&#8243; _builder_version=&#8221;3.26.6&#8243;][\/et_pb_column][\/et_pb_row][\/et_pb_section]<\/p>\n","protected":false},"excerpt":{"rendered":"<p>Descarga folletos informativos y todos nuestros recursos para que tu visita a C\u00f3rdoba sea m\u00e1s f\u00e1cil con Apartamentos Plaza<\/p>\n","protected":false},"author":1,"featured_media":0,"parent":0,"menu_order":0,"comment_status":"closed","ping_status":"closed","template":"","meta":{"_et_pb_use_builder":"on","_et_pb_old_content":"","_et_gb_content_width":"","footnotes":""},"class_list":["post-100","page","type-page","status-publish","hentry"],"yoast_head":"<!-- This site is optimized with the Yoast SEO plugin v27.4 - https:\/\/yoast.com\/product\/yoast-seo-wordpress\/ -->\n<title>RECURSOS - Apartamentos Plaza<\/title>\n<meta name=\"description\" content=\"Descarga folletos informativos y todos nuestros recursos para que tu visita a C\u00f3rdoba sea m\u00e1s f\u00e1cil con Apartamentos Plaza\" \/>\n<meta name=\"robots\" content=\"index, follow, max-snippet:-1, max-image-preview:large, max-video-preview:-1\" \/>\n<link rel=\"canonical\" href=\"https:\/\/apartamentosplaza.com\/web\/index.php\/recursos\/\" \/>\n<meta property=\"og:locale\" content=\"en_US\" \/>\n<meta property=\"og:type\" content=\"article\" \/>\n<meta property=\"og:title\" content=\"RECURSOS - Apartamentos Plaza\" \/>\n<meta property=\"og:description\" content=\"Descarga folletos informativos y todos nuestros recursos para que tu visita a C\u00f3rdoba sea m\u00e1s f\u00e1cil con Apartamentos Plaza\" \/>\n<meta property=\"og:url\" content=\"https:\/\/apartamentosplaza.com\/web\/index.php\/recursos\/\" \/>\n<meta property=\"og:site_name\" content=\"Apartamentos Plaza\" \/>\n<meta property=\"article:publisher\" content=\"https:\/\/www.facebook.com\/apartamentosplazacordoba\/\" \/>\n<meta property=\"article:modified_time\" content=\"2019-08-07T08:31:38+00:00\" \/>\n<meta name=\"twitter:card\" content=\"summary_large_image\" \/>\n<meta name=\"twitter:label1\" content=\"Est. reading time\" \/>\n\t<meta name=\"twitter:data1\" content=\"5 minutes\" \/>\n<script type=\"application\/ld+json\" class=\"yoast-schema-graph\">{\"@context\":\"https:\\\/\\\/schema.org\",\"@graph\":[{\"@type\":\"WebPage\",\"@id\":\"https:\\\/\\\/apartamentosplaza.com\\\/web\\\/index.php\\\/recursos\\\/\",\"url\":\"https:\\\/\\\/apartamentosplaza.com\\\/web\\\/index.php\\\/recursos\\\/\",\"name\":\"RECURSOS - Apartamentos Plaza\",\"isPartOf\":{\"@id\":\"https:\\\/\\\/apartamentosplaza.com\\\/web\\\/#website\"},\"datePublished\":\"2017-07-20T12:45:00+00:00\",\"dateModified\":\"2019-08-07T08:31:38+00:00\",\"description\":\"Descarga folletos informativos y todos nuestros recursos para que tu visita a C\u00f3rdoba sea m\u00e1s f\u00e1cil con Apartamentos Plaza\",\"breadcrumb\":{\"@id\":\"https:\\\/\\\/apartamentosplaza.com\\\/web\\\/index.php\\\/recursos\\\/#breadcrumb\"},\"inLanguage\":\"en-US\",\"potentialAction\":[{\"@type\":\"ReadAction\",\"target\":[\"https:\\\/\\\/apartamentosplaza.com\\\/web\\\/index.php\\\/recursos\\\/\"]}]},{\"@type\":\"BreadcrumbList\",\"@id\":\"https:\\\/\\\/apartamentosplaza.com\\\/web\\\/index.php\\\/recursos\\\/#breadcrumb\",\"itemListElement\":[{\"@type\":\"ListItem\",\"position\":1,\"name\":\"Portada\",\"item\":\"https:\\\/\\\/apartamentosplaza.com\\\/web\\\/\"},{\"@type\":\"ListItem\",\"position\":2,\"name\":\"RECURSOS\"}]},{\"@type\":\"WebSite\",\"@id\":\"https:\\\/\\\/apartamentosplaza.com\\\/web\\\/#website\",\"url\":\"https:\\\/\\\/apartamentosplaza.com\\\/web\\\/\",\"name\":\"Apartamentos Plaza\",\"description\":\"Apartamentos Plaza en C\u00f3rdoba\",\"publisher\":{\"@id\":\"https:\\\/\\\/apartamentosplaza.com\\\/web\\\/#organization\"},\"potentialAction\":[{\"@type\":\"SearchAction\",\"target\":{\"@type\":\"EntryPoint\",\"urlTemplate\":\"https:\\\/\\\/apartamentosplaza.com\\\/web\\\/?s={search_term_string}\"},\"query-input\":{\"@type\":\"PropertyValueSpecification\",\"valueRequired\":true,\"valueName\":\"search_term_string\"}}],\"inLanguage\":\"en-US\"},{\"@type\":\"Organization\",\"@id\":\"https:\\\/\\\/apartamentosplaza.com\\\/web\\\/#organization\",\"name\":\"Apartamentos tur\u00edsticos Plaza\",\"url\":\"https:\\\/\\\/apartamentosplaza.com\\\/web\\\/\",\"logo\":{\"@type\":\"ImageObject\",\"inLanguage\":\"en-US\",\"@id\":\"https:\\\/\\\/apartamentosplaza.com\\\/web\\\/#\\\/schema\\\/logo\\\/image\\\/\",\"url\":\"https:\\\/\\\/i1.wp.com\\\/www.apartamentosplaza.com\\\/web\\\/wp-content\\\/uploads\\\/2018\\\/03\\\/logo_plaza_fondo_blanco.png?fit=250%2C250&ssl=1\",\"contentUrl\":\"https:\\\/\\\/i1.wp.com\\\/www.apartamentosplaza.com\\\/web\\\/wp-content\\\/uploads\\\/2018\\\/03\\\/logo_plaza_fondo_blanco.png?fit=250%2C250&ssl=1\",\"width\":250,\"height\":250,\"caption\":\"Apartamentos tur\u00edsticos Plaza\"},\"image\":{\"@id\":\"https:\\\/\\\/apartamentosplaza.com\\\/web\\\/#\\\/schema\\\/logo\\\/image\\\/\"},\"sameAs\":[\"https:\\\/\\\/www.facebook.com\\\/apartamentosplazacordoba\\\/\",\"https:\\\/\\\/www.instagram.com\\\/apartamentosplazacordoba\\\/\"]}]}<\/script>\n<!-- \/ Yoast SEO plugin. -->","yoast_head_json":{"title":"RECURSOS - Apartamentos Plaza","description":"Descarga folletos informativos y todos nuestros recursos para que tu visita a C\u00f3rdoba sea m\u00e1s f\u00e1cil con Apartamentos Plaza","robots":{"index":"index","follow":"follow","max-snippet":"max-snippet:-1","max-image-preview":"max-image-preview:large","max-video-preview":"max-video-preview:-1"},"canonical":"https:\/\/apartamentosplaza.com\/web\/index.php\/recursos\/","og_locale":"en_US","og_type":"article","og_title":"RECURSOS - Apartamentos Plaza","og_description":"Descarga folletos informativos y todos nuestros recursos para que tu visita a C\u00f3rdoba sea m\u00e1s f\u00e1cil con Apartamentos Plaza","og_url":"https:\/\/apartamentosplaza.com\/web\/index.php\/recursos\/","og_site_name":"Apartamentos Plaza","article_publisher":"https:\/\/www.facebook.com\/apartamentosplazacordoba\/","article_modified_time":"2019-08-07T08:31:38+00:00","twitter_card":"summary_large_image","twitter_misc":{"Est. reading time":"5 minutes"},"schema":{"@context":"https:\/\/schema.org","@graph":[{"@type":"WebPage","@id":"https:\/\/apartamentosplaza.com\/web\/index.php\/recursos\/","url":"https:\/\/apartamentosplaza.com\/web\/index.php\/recursos\/","name":"RECURSOS - Apartamentos Plaza","isPartOf":{"@id":"https:\/\/apartamentosplaza.com\/web\/#website"},"datePublished":"2017-07-20T12:45:00+00:00","dateModified":"2019-08-07T08:31:38+00:00","description":"Descarga folletos informativos y todos nuestros recursos para que tu visita a C\u00f3rdoba sea m\u00e1s f\u00e1cil con Apartamentos Plaza","breadcrumb":{"@id":"https:\/\/apartamentosplaza.com\/web\/index.php\/recursos\/#breadcrumb"},"inLanguage":"en-US","potentialAction":[{"@type":"ReadAction","target":["https:\/\/apartamentosplaza.com\/web\/index.php\/recursos\/"]}]},{"@type":"BreadcrumbList","@id":"https:\/\/apartamentosplaza.com\/web\/index.php\/recursos\/#breadcrumb","itemListElement":[{"@type":"ListItem","position":1,"name":"Portada","item":"https:\/\/apartamentosplaza.com\/web\/"},{"@type":"ListItem","position":2,"name":"RECURSOS"}]},{"@type":"WebSite","@id":"https:\/\/apartamentosplaza.com\/web\/#website","url":"https:\/\/apartamentosplaza.com\/web\/","name":"Apartamentos Plaza","description":"Apartamentos Plaza en C\u00f3rdoba","publisher":{"@id":"https:\/\/apartamentosplaza.com\/web\/#organization"},"potentialAction":[{"@type":"SearchAction","target":{"@type":"EntryPoint","urlTemplate":"https:\/\/apartamentosplaza.com\/web\/?s={search_term_string}"},"query-input":{"@type":"PropertyValueSpecification","valueRequired":true,"valueName":"search_term_string"}}],"inLanguage":"en-US"},{"@type":"Organization","@id":"https:\/\/apartamentosplaza.com\/web\/#organization","name":"Apartamentos tur\u00edsticos Plaza","url":"https:\/\/apartamentosplaza.com\/web\/","logo":{"@type":"ImageObject","inLanguage":"en-US","@id":"https:\/\/apartamentosplaza.com\/web\/#\/schema\/logo\/image\/","url":"https:\/\/i1.wp.com\/www.apartamentosplaza.com\/web\/wp-content\/uploads\/2018\/03\/logo_plaza_fondo_blanco.png?fit=250%2C250&ssl=1","contentUrl":"https:\/\/i1.wp.com\/www.apartamentosplaza.com\/web\/wp-content\/uploads\/2018\/03\/logo_plaza_fondo_blanco.png?fit=250%2C250&ssl=1","width":250,"height":250,"caption":"Apartamentos tur\u00edsticos Plaza"},"image":{"@id":"https:\/\/apartamentosplaza.com\/web\/#\/schema\/logo\/image\/"},"sameAs":["https:\/\/www.facebook.com\/apartamentosplazacordoba\/","https:\/\/www.instagram.com\/apartamentosplazacordoba\/"]}]}},"_links":{"self":[{"href":"https:\/\/apartamentosplaza.com\/web\/index.php\/wp-json\/wp\/v2\/pages\/100","targetHints":{"allow":["GET"]}}],"collection":[{"href":"https:\/\/apartamentosplaza.com\/web\/index.php\/wp-json\/wp\/v2\/pages"}],"about":[{"href":"https:\/\/apartamentosplaza.com\/web\/index.php\/wp-json\/wp\/v2\/types\/page"}],"author":[{"embeddable":true,"href":"https:\/\/apartamentosplaza.com\/web\/index.php\/wp-json\/wp\/v2\/users\/1"}],"replies":[{"embeddable":true,"href":"https:\/\/apartamentosplaza.com\/web\/index.php\/wp-json\/wp\/v2\/comments?post=100"}],"version-history":[{"count":10,"href":"https:\/\/apartamentosplaza.com\/web\/index.php\/wp-json\/wp\/v2\/pages\/100\/revisions"}],"predecessor-version":[{"id":1900,"href":"https:\/\/apartamentosplaza.com\/web\/index.php\/wp-json\/wp\/v2\/pages\/100\/revisions\/1900"}],"wp:attachment":[{"href":"https:\/\/apartamentosplaza.com\/web\/index.php\/wp-json\/wp\/v2\/media?parent=100"}],"curies":[{"name":"wp","href":"https:\/\/api.w.org\/{rel}","templated":true}]}}