{"id":100,"date":"2017-07-20T12:45:00","date_gmt":"2017-07-20T12:45:00","guid":{"rendered":"http:\/\/www.apartamentosplaza.com\/web\/?page_id=100"},"modified":"2019-08-07T08:31:38","modified_gmt":"2019-08-07T08:31:38","slug":"recursos","status":"publish","type":"page","link":"https:\/\/apartamentosplaza.com\/web\/index.php\/recursos\/","title":{"rendered":"RECURSOS"},"content":{"rendered":"<p>[et_pb_section fb_built=\u00bb1&#8243; _builder_version=\u00bb3.22&#8243;][et_pb_row module_class=\u00bb et_pb_row_fullwidth\u00bb _builder_version=\u00bb3.25&#8243; background_color=\u00bbrgba(0,0,0,0.09)\u00bb background_size=\u00bbinitial\u00bb background_position=\u00bbtop_left\u00bb background_repeat=\u00bbrepeat\u00bb width=\u00bb89%\u00bb width_tablet=\u00bb80%\u00bb width_last_edited=\u00bbon|desktop\u00bb max_width=\u00bb89%\u00bb max_width_tablet=\u00bb80%\u00bb max_width_last_edited=\u00bbon|desktop\u00bb custom_padding=\u00bb23px|15px|13px|15px||\u00bb make_fullwidth=\u00bbon\u00bb][et_pb_column type=\u00bb4_4&#8243; _builder_version=\u00bb3.25&#8243; custom_padding=\u00bb|||\u00bb custom_padding__hover=\u00bb|||\u00bb][et_pb_text _builder_version=\u00bb3.26.3&#8243; text_font=\u00bb||||||||\u00bb header_font=\u00bb||||||||\u00bb header_font_size=\u00bb25px\u00bb background_image=\u00bbhttps:\/\/www.apartamentosplaza.com\/web\/wp-content\/uploads\/2018\/04\/fondo3.png\u00bb background_size=\u00bbinitial\u00bb background_repeat=\u00bbrepeat-x\u00bb module_alignment=\u00bbcenter\u00bb custom_margin=\u00bb3px||-3px|||\u00bb custom_padding=\u00bb20px|||||\u00bb]<\/p>\n<p><a name=\"fechas\"><\/a><\/p>\n<h1 style=\"text-align: center;\"><span size=\"5\" style=\"font-size: x-large;\">EVENTOS DISPONIBLES<\/span><\/h1>\n<p>[\/et_pb_text][\/et_pb_column][\/et_pb_row][et_pb_row column_structure=\u00bb1_2,1_2&#8243; module_class=\u00bb et_pb_row_fullwidth\u00bb _builder_version=\u00bb3.25&#8243; background_color=\u00bbrgba(0,0,0,0.09)\u00bb background_size=\u00bbinitial\u00bb background_position=\u00bbtop_left\u00bb background_repeat=\u00bbrepeat\u00bb width=\u00bb89%\u00bb width_tablet=\u00bb80%\u00bb width_last_edited=\u00bbon|desktop\u00bb max_width=\u00bb89%\u00bb max_width_tablet=\u00bb80%\u00bb max_width_last_edited=\u00bbon|desktop\u00bb custom_padding=\u00bb23px|15px|37px|15px\u00bb make_fullwidth=\u00bbon\u00bb][et_pb_column type=\u00bb1_2&#8243; _builder_version=\u00bb3.25&#8243; custom_padding=\u00bb|||\u00bb custom_padding__hover=\u00bb|||\u00bb][et_pb_image src=\u00bbhttps:\/\/www.apartamentosplaza.com\/web\/wp-content\/uploads\/2019\/08\/Horarios-generales1-3.png\u00bb show_in_lightbox=\u00bbon\u00bb use_overlay=\u00bbon\u00bb overlay_icon_color=\u00bb#ffffff\u00bb hover_overlay_color=\u00bbrgba(255,255,255,0.1)\u00bb align_tablet=\u00bbcenter\u00bb align_last_edited=\u00bbon|desktop\u00bb _builder_version=\u00bb3.26.6&#8243; box_shadow_style=\u00bbpreset1&#8243; box_shadow_vertical=\u00bb0px\u00bb box_shadow_blur=\u00bb100px\u00bb box_shadow_spread=\u00bb50px\u00bb box_shadow_color=\u00bbrgba(0,0,0,0.8)\u00bb custom_margin=\u00bb|||\u00bb custom_margin_tablet=\u00bb0px|||0px\u00bb custom_margin_last_edited=\u00bbon|desktop\u00bb animation_style=\u00bbzoom\u00bb animation_intensity_zoom=\u00bb20%\u00bb locked=\u00bboff\u00bb custom_margin__hover_enabled=\u00bbon\u00bb custom_margin__hover=\u00bb-20px|||\u00bb][\/et_pb_image][\/et_pb_column][et_pb_column type=\u00bb1_2&#8243; _builder_version=\u00bb3.25&#8243; custom_padding=\u00bb|||\u00bb custom_padding__hover=\u00bb|||\u00bb][et_pb_image src=\u00bbhttps:\/\/www.apartamentosplaza.com\/web\/wp-content\/uploads\/2019\/08\/Horarios-generales2-1.png\u00bb show_in_lightbox=\u00bbon\u00bb use_overlay=\u00bbon\u00bb overlay_icon_color=\u00bb#ffffff\u00bb hover_overlay_color=\u00bbrgba(255,255,255,0.1)\u00bb align_tablet=\u00bbcenter\u00bb align_last_edited=\u00bbon|desktop\u00bb _builder_version=\u00bb3.26.6&#8243; box_shadow_style=\u00bbpreset1&#8243; box_shadow_vertical=\u00bb0px\u00bb box_shadow_blur=\u00bb100px\u00bb box_shadow_spread=\u00bb50px\u00bb box_shadow_color=\u00bbrgba(0,0,0,0.8)\u00bb custom_margin=\u00bb|||\u00bb custom_margin_tablet=\u00bb0px|||0px\u00bb custom_margin_last_edited=\u00bbon|desktop\u00bb animation_style=\u00bbzoom\u00bb animation_intensity_zoom=\u00bb20%\u00bb locked=\u00bboff\u00bb custom_margin__hover_enabled=\u00bbon\u00bb custom_margin__hover=\u00bb-20px|||\u00bb][\/et_pb_image][\/et_pb_column][\/et_pb_row][et_pb_row column_structure=\u00bb1_4,1_4,1_4,1_4&#8243; _builder_version=\u00bb3.26.6&#8243; background_color=\u00bbrgba(0,0,0,0.09)\u00bb width=\u00bb89%\u00bb max_width=\u00bb1570px\u00bb module_alignment=\u00bbcenter\u00bb custom_margin=\u00bb||||false|false\u00bb custom_padding=\u00bb|15px||15px|false|false\u00bb][et_pb_column type=\u00bb1_4&#8243; _builder_version=\u00bb3.26.6&#8243;][et_pb_image src=\u00bbhttps:\/\/www.apartamentosplaza.com\/web\/wp-content\/uploads\/2019\/08\/raices-en-el-jardin.png\u00bb show_in_lightbox=\u00bbon\u00bb use_overlay=\u00bbon\u00bb overlay_icon_color=\u00bb#ffffff\u00bb hover_overlay_color=\u00bbrgba(255,255,255,0.1)\u00bb align_tablet=\u00bbcenter\u00bb align_last_edited=\u00bbon|desktop\u00bb _builder_version=\u00bb3.26.6&#8243; box_shadow_style=\u00bbpreset1&#8243; box_shadow_vertical=\u00bb0px\u00bb box_shadow_blur=\u00bb100px\u00bb box_shadow_spread=\u00bb50px\u00bb box_shadow_color=\u00bbrgba(0,0,0,0.8)\u00bb custom_margin=\u00bb|||\u00bb custom_margin_tablet=\u00bb0px|||0px\u00bb custom_margin_last_edited=\u00bbon|desktop\u00bb animation_style=\u00bbzoom\u00bb animation_intensity_zoom=\u00bb20%\u00bb locked=\u00bboff\u00bb custom_margin__hover_enabled=\u00bbon\u00bb custom_margin__hover=\u00bb-20px|||\u00bb][\/et_pb_image][\/et_pb_column][et_pb_column type=\u00bb1_4&#8243; _builder_version=\u00bb3.26.6&#8243;][et_pb_image src=\u00bbhttps:\/\/www.apartamentosplaza.com\/web\/wp-content\/uploads\/2019\/08\/verano-villares.jpeg\u00bb show_in_lightbox=\u00bbon\u00bb use_overlay=\u00bbon\u00bb overlay_icon_color=\u00bb#ffffff\u00bb hover_overlay_color=\u00bbrgba(255,255,255,0.1)\u00bb align_tablet=\u00bbcenter\u00bb align_last_edited=\u00bbon|desktop\u00bb _builder_version=\u00bb3.26.6&#8243; box_shadow_style=\u00bbpreset1&#8243; box_shadow_vertical=\u00bb0px\u00bb box_shadow_blur=\u00bb100px\u00bb box_shadow_spread=\u00bb50px\u00bb box_shadow_color=\u00bbrgba(0,0,0,0.8)\u00bb custom_margin=\u00bb|||\u00bb custom_margin_tablet=\u00bb0px|||0px\u00bb custom_margin_last_edited=\u00bbon|desktop\u00bb animation_style=\u00bbzoom\u00bb animation_intensity_zoom=\u00bb20%\u00bb locked=\u00bboff\u00bb custom_margin__hover_enabled=\u00bbon\u00bb custom_margin__hover=\u00bb-20px|||\u00bb][\/et_pb_image][\/et_pb_column][et_pb_column type=\u00bb1_4&#8243; _builder_version=\u00bb3.26.6&#8243;][et_pb_image src=\u00bbhttps:\/\/www.apartamentosplaza.com\/web\/wp-content\/uploads\/2019\/08\/mago.jpeg\u00bb show_in_lightbox=\u00bbon\u00bb use_overlay=\u00bbon\u00bb overlay_icon_color=\u00bb#ffffff\u00bb hover_overlay_color=\u00bbrgba(255,255,255,0.1)\u00bb align_tablet=\u00bbcenter\u00bb align_last_edited=\u00bbon|desktop\u00bb _builder_version=\u00bb3.26.6&#8243; box_shadow_style=\u00bbpreset1&#8243; box_shadow_vertical=\u00bb0px\u00bb box_shadow_blur=\u00bb100px\u00bb box_shadow_spread=\u00bb50px\u00bb box_shadow_color=\u00bbrgba(0,0,0,0.8)\u00bb custom_margin=\u00bb|||\u00bb custom_margin_tablet=\u00bb0px|||0px\u00bb custom_margin_last_edited=\u00bbon|desktop\u00bb animation_style=\u00bbzoom\u00bb animation_intensity_zoom=\u00bb20%\u00bb locked=\u00bboff\u00bb custom_margin__hover_enabled=\u00bbon\u00bb custom_margin__hover=\u00bb-20px|||\u00bb][\/et_pb_image][\/et_pb_column][et_pb_column type=\u00bb1_4&#8243; _builder_version=\u00bb3.26.6&#8243;][et_pb_image src=\u00bbhttps:\/\/www.apartamentosplaza.com\/web\/wp-content\/uploads\/2019\/08\/conciertos-en-terraza.jpeg\u00bb show_in_lightbox=\u00bbon\u00bb use_overlay=\u00bbon\u00bb overlay_icon_color=\u00bb#ffffff\u00bb hover_overlay_color=\u00bbrgba(255,255,255,0.1)\u00bb align_tablet=\u00bbcenter\u00bb align_last_edited=\u00bbon|desktop\u00bb _builder_version=\u00bb3.26.6&#8243; box_shadow_style=\u00bbpreset1&#8243; box_shadow_vertical=\u00bb0px\u00bb box_shadow_blur=\u00bb100px\u00bb box_shadow_spread=\u00bb50px\u00bb box_shadow_color=\u00bbrgba(0,0,0,0.8)\u00bb custom_margin=\u00bb|||\u00bb custom_margin_tablet=\u00bb0px|||0px\u00bb custom_margin_last_edited=\u00bbon|desktop\u00bb animation_style=\u00bbzoom\u00bb animation_intensity_zoom=\u00bb20%\u00bb locked=\u00bboff\u00bb custom_margin__hover_enabled=\u00bbon\u00bb custom_margin__hover=\u00bb-20px|||\u00bb][\/et_pb_image][\/et_pb_column][\/et_pb_row][et_pb_row column_structure=\u00bb1_4,1_4,1_4,1_4&#8243; _builder_version=\u00bb3.26.6&#8243; background_color=\u00bbrgba(0,0,0,0.09)\u00bb width=\u00bb89%\u00bb max_width=\u00bb1570px\u00bb module_alignment=\u00bbcenter\u00bb custom_padding=\u00bb|15px||15px|false|false\u00bb][et_pb_column type=\u00bb1_4&#8243; _builder_version=\u00bb3.26.6&#8243;][et_pb_image src=\u00bbhttps:\/\/www.apartamentosplaza.com\/web\/wp-content\/uploads\/2019\/08\/conciertos-sentidos.jpeg\u00bb show_in_lightbox=\u00bbon\u00bb use_overlay=\u00bbon\u00bb overlay_icon_color=\u00bb#ffffff\u00bb hover_overlay_color=\u00bbrgba(255,255,255,0.1)\u00bb align_tablet=\u00bbcenter\u00bb align_last_edited=\u00bbon|desktop\u00bb _builder_version=\u00bb3.26.6&#8243; box_shadow_style=\u00bbpreset1&#8243; box_shadow_vertical=\u00bb0px\u00bb box_shadow_blur=\u00bb100px\u00bb box_shadow_spread=\u00bb50px\u00bb box_shadow_color=\u00bbrgba(0,0,0,0.8)\u00bb custom_margin=\u00bb|||\u00bb custom_margin_tablet=\u00bb0px|||0px\u00bb custom_margin_last_edited=\u00bbon|desktop\u00bb animation_style=\u00bbzoom\u00bb animation_intensity_zoom=\u00bb20%\u00bb locked=\u00bboff\u00bb custom_margin__hover_enabled=\u00bbon\u00bb custom_margin__hover=\u00bb-20px|||\u00bb][\/et_pb_image][\/et_pb_column][et_pb_column type=\u00bb1_4&#8243; _builder_version=\u00bb3.26.6&#8243;][et_pb_image src=\u00bbhttps:\/\/www.apartamentosplaza.com\/web\/wp-content\/uploads\/2019\/08\/noches-ermita.jpeg\u00bb show_in_lightbox=\u00bbon\u00bb use_overlay=\u00bbon\u00bb overlay_icon_color=\u00bb#ffffff\u00bb hover_overlay_color=\u00bbrgba(255,255,255,0.1)\u00bb align_tablet=\u00bbcenter\u00bb align_last_edited=\u00bbon|desktop\u00bb _builder_version=\u00bb3.26.6&#8243; box_shadow_style=\u00bbpreset1&#8243; box_shadow_vertical=\u00bb0px\u00bb box_shadow_blur=\u00bb100px\u00bb box_shadow_spread=\u00bb50px\u00bb box_shadow_color=\u00bbrgba(0,0,0,0.8)\u00bb custom_margin=\u00bb|||\u00bb custom_margin_tablet=\u00bb0px|||0px\u00bb custom_margin_last_edited=\u00bbon|desktop\u00bb animation_style=\u00bbzoom\u00bb animation_intensity_zoom=\u00bb20%\u00bb locked=\u00bboff\u00bb custom_margin__hover_enabled=\u00bbon\u00bb custom_margin__hover=\u00bb-20px|||\u00bb][\/et_pb_image][\/et_pb_column][et_pb_column type=\u00bb1_4&#8243; _builder_version=\u00bb3.26.6&#8243;][\/et_pb_column][et_pb_column type=\u00bb1_4&#8243; _builder_version=\u00bb3.26.6&#8243;][\/et_pb_column][\/et_pb_row][\/et_pb_section]<\/p>\n","protected":false},"excerpt":{"rendered":"<p>Descarga folletos informativos y todos nuestros recursos para que tu visita a C\u00f3rdoba sea m\u00e1s f\u00e1cil con Apartamentos Plaza<\/p>\n","protected":false},"author":1,"featured_media":0,"parent":0,"menu_order":0,"comment_status":"closed","ping_status":"closed","template":"","meta":{"_et_pb_use_builder":"on","_et_pb_old_content":"","_et_gb_content_width":"","footnotes":""},"class_list":["post-100","page","type-page","status-publish","hentry"],"yoast_head":"<!-- This site is optimized with the Yoast SEO plugin v27.4 - https:\/\/yoast.com\/product\/yoast-seo-wordpress\/ -->\n<title>RECURSOS - Apartamentos Plaza<\/title>\n<meta name=\"description\" content=\"Descarga folletos informativos y todos nuestros recursos para que tu visita a C\u00f3rdoba sea m\u00e1s f\u00e1cil con Apartamentos Plaza\" \/>\n<meta name=\"robots\" content=\"index, follow, max-snippet:-1, max-image-preview:large, max-video-preview:-1\" \/>\n<link rel=\"canonical\" href=\"https:\/\/apartamentosplaza.com\/web\/index.php\/recursos\/\" \/>\n<meta property=\"og:locale\" content=\"es_ES\" \/>\n<meta property=\"og:type\" content=\"article\" \/>\n<meta property=\"og:title\" content=\"RECURSOS - Apartamentos Plaza\" \/>\n<meta property=\"og:description\" content=\"Descarga folletos informativos y todos nuestros recursos para que tu visita a C\u00f3rdoba sea m\u00e1s f\u00e1cil con Apartamentos Plaza\" \/>\n<meta property=\"og:url\" content=\"https:\/\/apartamentosplaza.com\/web\/index.php\/recursos\/\" \/>\n<meta property=\"og:site_name\" content=\"Apartamentos Plaza\" \/>\n<meta property=\"article:publisher\" content=\"https:\/\/www.facebook.com\/apartamentosplazacordoba\/\" \/>\n<meta property=\"article:modified_time\" content=\"2019-08-07T08:31:38+00:00\" \/>\n<meta name=\"twitter:card\" content=\"summary_large_image\" \/>\n<meta name=\"twitter:label1\" content=\"Tiempo de lectura\" \/>\n\t<meta name=\"twitter:data1\" content=\"5 minutos\" \/>\n<script type=\"application\/ld+json\" class=\"yoast-schema-graph\">{\"@context\":\"https:\\\/\\\/schema.org\",\"@graph\":[{\"@type\":\"WebPage\",\"@id\":\"https:\\\/\\\/apartamentosplaza.com\\\/web\\\/index.php\\\/recursos\\\/\",\"url\":\"https:\\\/\\\/apartamentosplaza.com\\\/web\\\/index.php\\\/recursos\\\/\",\"name\":\"RECURSOS - Apartamentos Plaza\",\"isPartOf\":{\"@id\":\"https:\\\/\\\/apartamentosplaza.com\\\/web\\\/#website\"},\"datePublished\":\"2017-07-20T12:45:00+00:00\",\"dateModified\":\"2019-08-07T08:31:38+00:00\",\"description\":\"Descarga folletos informativos y todos nuestros recursos para que tu visita a C\u00f3rdoba sea m\u00e1s f\u00e1cil con Apartamentos Plaza\",\"breadcrumb\":{\"@id\":\"https:\\\/\\\/apartamentosplaza.com\\\/web\\\/index.php\\\/recursos\\\/#breadcrumb\"},\"inLanguage\":\"es\",\"potentialAction\":[{\"@type\":\"ReadAction\",\"target\":[\"https:\\\/\\\/apartamentosplaza.com\\\/web\\\/index.php\\\/recursos\\\/\"]}]},{\"@type\":\"BreadcrumbList\",\"@id\":\"https:\\\/\\\/apartamentosplaza.com\\\/web\\\/index.php\\\/recursos\\\/#breadcrumb\",\"itemListElement\":[{\"@type\":\"ListItem\",\"position\":1,\"name\":\"Portada\",\"item\":\"https:\\\/\\\/apartamentosplaza.com\\\/web\\\/\"},{\"@type\":\"ListItem\",\"position\":2,\"name\":\"RECURSOS\"}]},{\"@type\":\"WebSite\",\"@id\":\"https:\\\/\\\/apartamentosplaza.com\\\/web\\\/#website\",\"url\":\"https:\\\/\\\/apartamentosplaza.com\\\/web\\\/\",\"name\":\"Apartamentos Plaza\",\"description\":\"Apartamentos Plaza en C\u00f3rdoba\",\"publisher\":{\"@id\":\"https:\\\/\\\/apartamentosplaza.com\\\/web\\\/#organization\"},\"potentialAction\":[{\"@type\":\"SearchAction\",\"target\":{\"@type\":\"EntryPoint\",\"urlTemplate\":\"https:\\\/\\\/apartamentosplaza.com\\\/web\\\/?s={search_term_string}\"},\"query-input\":{\"@type\":\"PropertyValueSpecification\",\"valueRequired\":true,\"valueName\":\"search_term_string\"}}],\"inLanguage\":\"es\"},{\"@type\":\"Organization\",\"@id\":\"https:\\\/\\\/apartamentosplaza.com\\\/web\\\/#organization\",\"name\":\"Apartamentos tur\u00edsticos Plaza\",\"url\":\"https:\\\/\\\/apartamentosplaza.com\\\/web\\\/\",\"logo\":{\"@type\":\"ImageObject\",\"inLanguage\":\"es\",\"@id\":\"https:\\\/\\\/apartamentosplaza.com\\\/web\\\/#\\\/schema\\\/logo\\\/image\\\/\",\"url\":\"https:\\\/\\\/i1.wp.com\\\/www.apartamentosplaza.com\\\/web\\\/wp-content\\\/uploads\\\/2018\\\/03\\\/logo_plaza_fondo_blanco.png?fit=250%2C250&ssl=1\",\"contentUrl\":\"https:\\\/\\\/i1.wp.com\\\/www.apartamentosplaza.com\\\/web\\\/wp-content\\\/uploads\\\/2018\\\/03\\\/logo_plaza_fondo_blanco.png?fit=250%2C250&ssl=1\",\"width\":250,\"height\":250,\"caption\":\"Apartamentos tur\u00edsticos Plaza\"},\"image\":{\"@id\":\"https:\\\/\\\/apartamentosplaza.com\\\/web\\\/#\\\/schema\\\/logo\\\/image\\\/\"},\"sameAs\":[\"https:\\\/\\\/www.facebook.com\\\/apartamentosplazacordoba\\\/\",\"https:\\\/\\\/www.instagram.com\\\/apartamentosplazacordoba\\\/\"]}]}<\/script>\n<!-- \/ Yoast SEO plugin. -->","yoast_head_json":{"title":"RECURSOS - Apartamentos Plaza","description":"Descarga folletos informativos y todos nuestros recursos para que tu visita a C\u00f3rdoba sea m\u00e1s f\u00e1cil con Apartamentos Plaza","robots":{"index":"index","follow":"follow","max-snippet":"max-snippet:-1","max-image-preview":"max-image-preview:large","max-video-preview":"max-video-preview:-1"},"canonical":"https:\/\/apartamentosplaza.com\/web\/index.php\/recursos\/","og_locale":"es_ES","og_type":"article","og_title":"RECURSOS - Apartamentos Plaza","og_description":"Descarga folletos informativos y todos nuestros recursos para que tu visita a C\u00f3rdoba sea m\u00e1s f\u00e1cil con Apartamentos Plaza","og_url":"https:\/\/apartamentosplaza.com\/web\/index.php\/recursos\/","og_site_name":"Apartamentos Plaza","article_publisher":"https:\/\/www.facebook.com\/apartamentosplazacordoba\/","article_modified_time":"2019-08-07T08:31:38+00:00","twitter_card":"summary_large_image","twitter_misc":{"Tiempo de lectura":"5 minutos"},"schema":{"@context":"https:\/\/schema.org","@graph":[{"@type":"WebPage","@id":"https:\/\/apartamentosplaza.com\/web\/index.php\/recursos\/","url":"https:\/\/apartamentosplaza.com\/web\/index.php\/recursos\/","name":"RECURSOS - Apartamentos Plaza","isPartOf":{"@id":"https:\/\/apartamentosplaza.com\/web\/#website"},"datePublished":"2017-07-20T12:45:00+00:00","dateModified":"2019-08-07T08:31:38+00:00","description":"Descarga folletos informativos y todos nuestros recursos para que tu visita a C\u00f3rdoba sea m\u00e1s f\u00e1cil con Apartamentos Plaza","breadcrumb":{"@id":"https:\/\/apartamentosplaza.com\/web\/index.php\/recursos\/#breadcrumb"},"inLanguage":"es","potentialAction":[{"@type":"ReadAction","target":["https:\/\/apartamentosplaza.com\/web\/index.php\/recursos\/"]}]},{"@type":"BreadcrumbList","@id":"https:\/\/apartamentosplaza.com\/web\/index.php\/recursos\/#breadcrumb","itemListElement":[{"@type":"ListItem","position":1,"name":"Portada","item":"https:\/\/apartamentosplaza.com\/web\/"},{"@type":"ListItem","position":2,"name":"RECURSOS"}]},{"@type":"WebSite","@id":"https:\/\/apartamentosplaza.com\/web\/#website","url":"https:\/\/apartamentosplaza.com\/web\/","name":"Apartamentos Plaza","description":"Apartamentos Plaza en C\u00f3rdoba","publisher":{"@id":"https:\/\/apartamentosplaza.com\/web\/#organization"},"potentialAction":[{"@type":"SearchAction","target":{"@type":"EntryPoint","urlTemplate":"https:\/\/apartamentosplaza.com\/web\/?s={search_term_string}"},"query-input":{"@type":"PropertyValueSpecification","valueRequired":true,"valueName":"search_term_string"}}],"inLanguage":"es"},{"@type":"Organization","@id":"https:\/\/apartamentosplaza.com\/web\/#organization","name":"Apartamentos tur\u00edsticos Plaza","url":"https:\/\/apartamentosplaza.com\/web\/","logo":{"@type":"ImageObject","inLanguage":"es","@id":"https:\/\/apartamentosplaza.com\/web\/#\/schema\/logo\/image\/","url":"https:\/\/i1.wp.com\/www.apartamentosplaza.com\/web\/wp-content\/uploads\/2018\/03\/logo_plaza_fondo_blanco.png?fit=250%2C250&ssl=1","contentUrl":"https:\/\/i1.wp.com\/www.apartamentosplaza.com\/web\/wp-content\/uploads\/2018\/03\/logo_plaza_fondo_blanco.png?fit=250%2C250&ssl=1","width":250,"height":250,"caption":"Apartamentos tur\u00edsticos Plaza"},"image":{"@id":"https:\/\/apartamentosplaza.com\/web\/#\/schema\/logo\/image\/"},"sameAs":["https:\/\/www.facebook.com\/apartamentosplazacordoba\/","https:\/\/www.instagram.com\/apartamentosplazacordoba\/"]}]}},"_links":{"self":[{"href":"https:\/\/apartamentosplaza.com\/web\/index.php\/wp-json\/wp\/v2\/pages\/100","targetHints":{"allow":["GET"]}}],"collection":[{"href":"https:\/\/apartamentosplaza.com\/web\/index.php\/wp-json\/wp\/v2\/pages"}],"about":[{"href":"https:\/\/apartamentosplaza.com\/web\/index.php\/wp-json\/wp\/v2\/types\/page"}],"author":[{"embeddable":true,"href":"https:\/\/apartamentosplaza.com\/web\/index.php\/wp-json\/wp\/v2\/users\/1"}],"replies":[{"embeddable":true,"href":"https:\/\/apartamentosplaza.com\/web\/index.php\/wp-json\/wp\/v2\/comments?post=100"}],"version-history":[{"count":10,"href":"https:\/\/apartamentosplaza.com\/web\/index.php\/wp-json\/wp\/v2\/pages\/100\/revisions"}],"predecessor-version":[{"id":1900,"href":"https:\/\/apartamentosplaza.com\/web\/index.php\/wp-json\/wp\/v2\/pages\/100\/revisions\/1900"}],"wp:attachment":[{"href":"https:\/\/apartamentosplaza.com\/web\/index.php\/wp-json\/wp\/v2\/media?parent=100"}],"curies":[{"name":"wp","href":"https:\/\/api.w.org\/{rel}","templated":true}]}}